{"id":871,"date":"2025-08-04T22:40:08","date_gmt":"2025-08-04T22:40:08","guid":{"rendered":"https:\/\/alaya.cl\/?page_id=871"},"modified":"2025-09-15T03:07:50","modified_gmt":"2025-09-15T03:07:50","slug":"gobierno-corporativo","status":"publish","type":"page","link":"https:\/\/alaya.cl\/en\/gobierno-corporativo\/","title":{"rendered":"Government"},"content":{"rendered":"<div data-elementor-type=\"wp-page\" data-elementor-id=\"871\" class=\"elementor elementor-871\" data-elementor-post-type=\"page\">\n\t\t\t\t<div class=\"elementor-element elementor-element-9178585 e-flex e-con-boxed e-con e-parent\" data-id=\"9178585\" data-element_type=\"container\" data-settings=\"{&quot;background_background&quot;:&quot;classic&quot;}\">\n\t\t\t\t\t<div class=\"e-con-inner\">\n\t\t<div class=\"elementor-element elementor-element-3ece0f6 e-con-full e-flex e-con e-child\" data-id=\"3ece0f6\" data-element_type=\"container\">\n\t\t\t\t<div class=\"elementor-element elementor-element-a6b06e1 elementor-widget elementor-widget-heading\" data-id=\"a6b06e1\" data-element_type=\"widget\" data-widget_type=\"heading.default\">\n\t\t\t\t\t<h2 class=\"elementor-heading-title elementor-size-default\">We work with the government<\/h2>\t\t\t\t<\/div>\n\t\t\t\t<div class=\"elementor-element elementor-element-446035b elementor-widget__width-initial elementor-widget elementor-widget-heading\" data-id=\"446035b\" data-element_type=\"widget\" data-widget_type=\"heading.default\">\n\t\t\t\t\t<h1 class=\"elementor-heading-title elementor-size-default\">We accelerated the transformation of the chilean State<\/h1>\t\t\t\t<\/div>\n\t\t\t\t<div class=\"elementor-element elementor-element-a740ee8 elementor-widget-divider--view-line elementor-widget elementor-widget-divider\" data-id=\"a740ee8\" data-element_type=\"widget\" data-widget_type=\"divider.default\">\n\t\t\t\t\t\t\t<div class=\"elementor-divider\">\n\t\t\t<span class=\"elementor-divider-separator\">\n\t\t\t\t\t\t<\/span>\n\t\t<\/div>\n\t\t\t\t\t\t<\/div>\n\t\t\t\t<div class=\"elementor-element elementor-element-5d9b897 elementor-widget__width-initial elementor-widget elementor-widget-text-editor\" data-id=\"5d9b897\" data-element_type=\"widget\" data-widget_type=\"text-editor.default\">\n\t\t\t\t\t\t\t\t\t<p>In Alaya we are official suppliers of the State of Chile, through the Framework Convention, which allows us to work directly with ministries, services and agencies. This position makes us a natural partner for promoting the modernisation of the public sector<\/p><p><!-- notionvc: 7c764ece-9009-4956-aa76-8a167861c2d5 --><\/p>\t\t\t\t\t\t\t\t<\/div>\n\t\t\t\t<div class=\"elementor-element elementor-element-6b266f2 elementor-align-left elementor-mobile-align-center elementor-widget elementor-widget-button\" data-id=\"6b266f2\" data-element_type=\"widget\" data-widget_type=\"button.default\">\n\t\t\t\t\t\t\t\t\t\t<a class=\"elementor-button elementor-button-link elementor-size-sm\" href=\"#elementor-action%3Aaction%3Dpopup%3Aopen%26settings%3DeyJpZCI6IjE3MzAiLCJ0b2dnbGUiOmZhbHNlfQ%3D%3D\" target=\"_blank\">\n\t\t\t\t\t\t<span class=\"elementor-button-content-wrapper\">\n\t\t\t\t\t\t\t\t\t<span class=\"elementor-button-text\">SEE MORE \u2192<\/span>\n\t\t\t\t\t<\/span>\n\t\t\t\t\t<\/a>\n\t\t\t\t\t\t\t\t<\/div>\n\t\t\t\t<\/div>\n\t\t\t\t\t<\/div>\n\t\t\t\t<\/div>\n\t\t<div class=\"elementor-element elementor-element-f3c54f6 e-flex e-con-boxed e-con e-parent\" data-id=\"f3c54f6\" data-element_type=\"container\" data-settings=\"{&quot;background_background&quot;:&quot;classic&quot;}\">\n\t\t\t\t\t<div class=\"e-con-inner\">\n\t\t<div class=\"elementor-element elementor-element-fb2f409 e-con-full e-flex e-con e-child\" data-id=\"fb2f409\" data-element_type=\"container\">\n\t\t\t\t<div class=\"elementor-element elementor-element-acbd0f4 elementor-widget__width-initial elementor-widget elementor-widget-heading\" data-id=\"acbd0f4\" data-element_type=\"widget\" data-widget_type=\"heading.default\">\n\t\t\t\t\t<h1 class=\"elementor-heading-title elementor-size-default\">Technological solutions for the Government<\/h1>\t\t\t\t<\/div>\n\t\t\t\t<div class=\"elementor-element elementor-element-6090126 elementor-widget-divider--view-line elementor-widget elementor-widget-divider\" data-id=\"6090126\" data-element_type=\"widget\" data-widget_type=\"divider.default\">\n\t\t\t\t\t\t\t<div class=\"elementor-divider\">\n\t\t\t<span class=\"elementor-divider-separator\">\n\t\t\t\t\t\t<\/span>\n\t\t<\/div>\n\t\t\t\t\t\t<\/div>\n\t\t\t\t<div class=\"elementor-element elementor-element-2c8fc1c elementor-widget elementor-widget-text-editor\" data-id=\"2c8fc1c\" data-element_type=\"widget\" data-widget_type=\"text-editor.default\">\n\t\t\t\t\t\t\t\t\t<p>We stock a <strong data-start=\"610\" data-end=\"670\">solid track record of developing technological solutions<\/strong> that improve internal processes, increase organizational efficiency, and elevate the standard of public service. We have collaborated with organizations such as the Address of the Working Directory and the Metropolitan Public Transport, generating real impacts in control, document management and data analysis. This experience enables us to promote projects of digital transformation with tangible results and confidence<\/p><p>To properly manage the personal data is no longer an administrative process; it's an investment that supports sustainable growth of your business.<\/p>\t\t\t\t\t\t\t\t<\/div>\n\t\t\t\t<div class=\"elementor-element elementor-element-acb06bc elementor-align-center elementor-mobile-align-center elementor-widget elementor-widget-button\" data-id=\"acb06bc\" data-element_type=\"widget\" data-widget_type=\"button.default\">\n\t\t\t\t\t\t\t\t\t\t<a class=\"elementor-button elementor-button-link elementor-size-sm\" href=\"#elementor-action%3Aaction%3Dpopup%3Aopen%26settings%3DeyJpZCI6IjE3MzAiLCJ0b2dnbGUiOmZhbHNlfQ%3D%3D\" target=\"_blank\">\n\t\t\t\t\t\t<span class=\"elementor-button-content-wrapper\">\n\t\t\t\t\t\t\t\t\t<span class=\"elementor-button-text\">SEE MORE \u2192<\/span>\n\t\t\t\t\t<\/span>\n\t\t\t\t\t<\/a>\n\t\t\t\t\t\t\t\t<\/div>\n\t\t\t\t<\/div>\n\t\t\t\t\t<\/div>\n\t\t\t\t<\/div>\n\t\t<div class=\"elementor-element elementor-element-df16908 e-flex e-con-boxed e-con e-parent\" data-id=\"df16908\" data-element_type=\"container\" data-settings=\"{&quot;background_background&quot;:&quot;classic&quot;}\">\n\t\t\t\t\t<div class=\"e-con-inner\">\n\t\t<div class=\"elementor-element elementor-element-fdb91b7 e-con-full e-flex e-con e-child\" data-id=\"fdb91b7\" data-element_type=\"container\">\n\t\t<div class=\"elementor-element elementor-element-b6ee592 e-con-full e-flex e-con e-child\" data-id=\"b6ee592\" data-element_type=\"container\">\n\t\t\t\t<div class=\"elementor-element elementor-element-c0b8c2f elementor-widget elementor-widget-image\" data-id=\"c0b8c2f\" data-element_type=\"widget\" data-widget_type=\"image.default\">\n\t\t\t\t\t\t\t\t\t\t\t\t\t\t\t<img fetchpriority=\"high\" decoding=\"async\" width=\"600\" height=\"400\" src=\"https:\/\/alaya.cl\/wp-content\/uploads\/2025\/09\/hansjorg-keller-p7av1ZhKGBQ-unsplash.jpg\" class=\"attachment-large size-large wp-image-1469\" alt=\"\" srcset=\"https:\/\/alaya.cl\/wp-content\/uploads\/2025\/09\/hansjorg-keller-p7av1ZhKGBQ-unsplash.jpg 600w, https:\/\/alaya.cl\/wp-content\/uploads\/2025\/09\/hansjorg-keller-p7av1ZhKGBQ-unsplash-300x200.jpg 300w\" sizes=\"(max-width: 600px) 100vw, 600px\" \/>\t\t\t\t\t\t\t\t\t\t\t\t\t\t\t<\/div>\n\t\t\t\t<\/div>\n\t\t<div class=\"elementor-element elementor-element-79a4f5e e-con-full e-flex e-con e-child\" data-id=\"79a4f5e\" data-element_type=\"container\">\n\t\t\t\t<div class=\"elementor-element elementor-element-2bd75a3 elementor-widget elementor-widget-text-editor\" data-id=\"2bd75a3\" data-element_type=\"widget\" data-widget_type=\"text-editor.default\">\n\t\t\t\t\t\t\t\t\t<p>Today, governments are recognizing the potential of these technologies to transform the way you organize and direct their processes. This type of organizations have already realized that the citizens expect the same revolution, and efficiency in the services that they have experienced in the private sector.<\/p>\t\t\t\t\t\t\t\t<\/div>\n\t\t\t\t<div class=\"elementor-element elementor-element-15a0928 elementor-align-left elementor-mobile-align-center elementor-widget elementor-widget-button\" data-id=\"15a0928\" data-element_type=\"widget\" data-widget_type=\"button.default\">\n\t\t\t\t\t\t\t\t\t\t<a class=\"elementor-button elementor-button-link elementor-size-sm\" href=\"#elementor-action%3Aaction%3Dpopup%3Aopen%26settings%3DeyJpZCI6IjE3MzAiLCJ0b2dnbGUiOmZhbHNlfQ%3D%3D\">\n\t\t\t\t\t\t<span class=\"elementor-button-content-wrapper\">\n\t\t\t\t\t\t\t\t\t<span class=\"elementor-button-text\">SCHEDULE A COUNSELING \u2192<\/span>\n\t\t\t\t\t<\/span>\n\t\t\t\t\t<\/a>\n\t\t\t\t\t\t\t\t<\/div>\n\t\t\t\t<\/div>\n\t\t\t\t<\/div>\n\t\t\t\t\t<\/div>\n\t\t\t\t<\/div>\n\t\t<div class=\"elementor-element elementor-element-7528c95 e-flex e-con-boxed e-con e-parent\" data-id=\"7528c95\" data-element_type=\"container\" data-settings=\"{&quot;background_background&quot;:&quot;classic&quot;}\">\n\t\t\t\t\t<div class=\"e-con-inner\">\n\t\t<div class=\"elementor-element elementor-element-4d5bc33 e-con-full e-flex e-con e-child\" data-id=\"4d5bc33\" data-element_type=\"container\" data-settings=\"{&quot;background_background&quot;:&quot;classic&quot;}\">\n\t\t<div class=\"elementor-element elementor-element-7256936 e-con-full e-flex e-con e-child\" data-id=\"7256936\" data-element_type=\"container\">\n\t\t\t\t<div class=\"elementor-element elementor-element-e4ea2c2 elementor-widget__width-initial elementor-widget elementor-widget-heading\" data-id=\"e4ea2c2\" data-element_type=\"widget\" data-widget_type=\"heading.default\">\n\t\t\t\t\t<h1 class=\"elementor-heading-title elementor-size-default\">Schedule a meeting<\/h1>\t\t\t\t<\/div>\n\t\t\t\t<div class=\"elementor-element elementor-element-28a5bb7 elementor-widget-divider--view-line elementor-widget elementor-widget-divider\" data-id=\"28a5bb7\" data-element_type=\"widget\" data-widget_type=\"divider.default\">\n\t\t\t\t\t\t\t<div class=\"elementor-divider\">\n\t\t\t<span class=\"elementor-divider-separator\">\n\t\t\t\t\t\t<\/span>\n\t\t<\/div>\n\t\t\t\t\t\t<\/div>\n\t\t<div class=\"elementor-element elementor-element-4be5250 e-con-full e-flex e-con e-child\" data-id=\"4be5250\" data-element_type=\"container\">\n\t\t\t\t<div class=\"elementor-element elementor-element-7a1f603 elementor-align-left elementor-mobile-align-center elementor-widget elementor-widget-button\" data-id=\"7a1f603\" data-element_type=\"widget\" data-widget_type=\"button.default\">\n\t\t\t\t\t\t\t\t\t\t<a class=\"elementor-button elementor-button-link elementor-size-sm\" href=\"#elementor-action%3Aaction%3Dpopup%3Aopen%26settings%3DeyJpZCI6IjE3MzAiLCJ0b2dnbGUiOmZhbHNlfQ%3D%3D\" target=\"_blank\">\n\t\t\t\t\t\t<span class=\"elementor-button-content-wrapper\">\n\t\t\t\t\t\t\t\t\t<span class=\"elementor-button-text\">SCHEDULE A COUNSELING \u2192<\/span>\n\t\t\t\t\t<\/span>\n\t\t\t\t\t<\/a>\n\t\t\t\t\t\t\t\t<\/div>\n\t\t\t\t<\/div>\n\t\t\t\t<\/div>\n\t\t\t\t<\/div>\n\t\t\t\t\t<\/div>\n\t\t\t\t<\/div>\n\t\t\t\t<\/div>","protected":false},"excerpt":{"rendered":"<p>Trabajamos con el gobierno Aceleramos la transformaci\u00f3n del Estado chileno En Alaya somos proveedores oficiales del Estado de Chile a trav\u00e9s del Convenio Marco, lo que nos permite trabajar directamente con ministerios, servicios y organismos p\u00fablicos. Esta posici\u00f3n nos convierte en el aliado natural para impulsar la modernizaci\u00f3n del sector p\u00fablico VER M\u00c1S \u2192 Soluciones [&hellip;]<\/p>","protected":false},"author":2,"featured_media":0,"parent":0,"menu_order":0,"comment_status":"closed","ping_status":"closed","template":"","meta":{"footnotes":""},"class_list":["post-871","page","type-page","status-publish","hentry"],"_links":{"self":[{"href":"https:\/\/alaya.cl\/en\/wp-json\/wp\/v2\/pages\/871","targetHints":{"allow":["GET"]}}],"collection":[{"href":"https:\/\/alaya.cl\/en\/wp-json\/wp\/v2\/pages"}],"about":[{"href":"https:\/\/alaya.cl\/en\/wp-json\/wp\/v2\/types\/page"}],"author":[{"embeddable":true,"href":"https:\/\/alaya.cl\/en\/wp-json\/wp\/v2\/users\/2"}],"replies":[{"embeddable":true,"href":"https:\/\/alaya.cl\/en\/wp-json\/wp\/v2\/comments?post=871"}],"version-history":[{"count":26,"href":"https:\/\/alaya.cl\/en\/wp-json\/wp\/v2\/pages\/871\/revisions"}],"predecessor-version":[{"id":2277,"href":"https:\/\/alaya.cl\/en\/wp-json\/wp\/v2\/pages\/871\/revisions\/2277"}],"wp:attachment":[{"href":"https:\/\/alaya.cl\/en\/wp-json\/wp\/v2\/media?parent=871"}],"curies":[{"name":"wp","href":"https:\/\/api.w.org\/{rel}","templated":true}]}}