{"id":485,"date":"2025-07-16T22:53:45","date_gmt":"2025-07-16T22:53:45","guid":{"rendered":"https:\/\/alaya.cl\/?page_id=485"},"modified":"2025-09-11T20:58:06","modified_gmt":"2025-09-11T20:58:06","slug":"banca-y-finanzas","status":"publish","type":"page","link":"https:\/\/alaya.cl\/en\/banca-y-finanzas\/","title":{"rendered":"Banking, Insurance and Services"},"content":{"rendered":"<div data-elementor-type=\"wp-page\" data-elementor-id=\"485\" class=\"elementor elementor-485\" data-elementor-post-type=\"page\">\n\t\t\t\t<div class=\"elementor-element elementor-element-dd90c27 e-flex e-con-boxed e-con e-parent\" data-id=\"dd90c27\" data-element_type=\"container\" data-settings=\"{&quot;background_background&quot;:&quot;classic&quot;}\">\n\t\t\t\t\t<div class=\"e-con-inner\">\n\t\t<div class=\"elementor-element elementor-element-6d7c438 e-con-full e-flex e-con e-child\" data-id=\"6d7c438\" data-element_type=\"container\">\n\t\t\t\t<div class=\"elementor-element elementor-element-98f58a5 elementor-widget elementor-widget-heading\" data-id=\"98f58a5\" data-element_type=\"widget\" data-widget_type=\"heading.default\">\n\t\t\t\t\t<h2 class=\"elementor-heading-title elementor-size-default\">Banking, insurance and services<\/h2>\t\t\t\t<\/div>\n\t\t\t\t<div class=\"elementor-element elementor-element-e21a142 elementor-widget__width-initial elementor-widget elementor-widget-heading\" data-id=\"e21a142\" data-element_type=\"widget\" data-widget_type=\"heading.default\">\n\t\t\t\t\t<h1 class=\"elementor-heading-title elementor-size-default\">Transforms the Banking and Insurance with the Latest Generation<\/h1>\t\t\t\t<\/div>\n\t\t\t\t<div class=\"elementor-element elementor-element-c7c6997 elementor-widget-divider--view-line elementor-widget elementor-widget-divider\" data-id=\"c7c6997\" data-element_type=\"widget\" data-widget_type=\"divider.default\">\n\t\t\t\t\t\t\t<div class=\"elementor-divider\">\n\t\t\t<span class=\"elementor-divider-separator\">\n\t\t\t\t\t\t<\/span>\n\t\t<\/div>\n\t\t\t\t\t\t<\/div>\n\t\t\t\t<div class=\"elementor-element elementor-element-8442334 elementor-widget__width-initial elementor-widget elementor-widget-text-editor\" data-id=\"8442334\" data-element_type=\"widget\" data-widget_type=\"text-editor.default\">\n\t\t\t\t\t\t\t\t\t<p>Optimizes processes, detect risks and generates new business opportunities with solutions based on advanced analytics and artificial intelligence.<\/p><p><!-- notionvc: 7c764ece-9009-4956-aa76-8a167861c2d5 --><\/p>\t\t\t\t\t\t\t\t<\/div>\n\t\t\t\t<div class=\"elementor-element elementor-element-9c10adb elementor-align-left elementor-mobile-align-center elementor-widget elementor-widget-button\" data-id=\"9c10adb\" data-element_type=\"widget\" data-widget_type=\"button.default\">\n\t\t\t\t\t\t\t\t\t\t<a class=\"elementor-button elementor-button-link elementor-size-sm\" href=\"#elementor-action%3Aaction%3Dpopup%3Aopen%26settings%3DeyJpZCI6IjE3MzAiLCJ0b2dnbGUiOmZhbHNlfQ%3D%3D\" target=\"_blank\">\n\t\t\t\t\t\t<span class=\"elementor-button-content-wrapper\">\n\t\t\t\t\t\t\t\t\t<span class=\"elementor-button-text\">SPEAK WITH AN EXPERT \u2192<\/span>\n\t\t\t\t\t<\/span>\n\t\t\t\t\t<\/a>\n\t\t\t\t\t\t\t\t<\/div>\n\t\t\t\t<\/div>\n\t\t\t\t\t<\/div>\n\t\t\t\t<\/div>\n\t\t<div class=\"elementor-element elementor-element-9d3f764 e-flex e-con-boxed e-con e-parent\" data-id=\"9d3f764\" data-element_type=\"container\" data-settings=\"{&quot;background_background&quot;:&quot;classic&quot;}\">\n\t\t\t\t\t<div class=\"e-con-inner\">\n\t\t<div class=\"elementor-element elementor-element-e75affa e-con-full e-flex e-con e-child\" data-id=\"e75affa\" data-element_type=\"container\">\n\t\t<div class=\"elementor-element elementor-element-3afbec8 e-con-full e-flex e-con e-child\" data-id=\"3afbec8\" data-element_type=\"container\">\n\t\t\t\t<div class=\"elementor-element elementor-element-87f9bf3 elementor-widget__width-initial elementor-widget elementor-widget-text-editor\" data-id=\"87f9bf3\" data-element_type=\"widget\" data-widget_type=\"text-editor.default\">\n\t\t\t\t\t\t\t\t\t<p>Alaya to your business, financial, and insurance<\/p>\t\t\t\t\t\t\t\t<\/div>\n\t\t\t\t<div class=\"elementor-element elementor-element-62a4998 elementor-widget-divider--view-line elementor-widget elementor-widget-divider\" data-id=\"62a4998\" data-element_type=\"widget\" data-widget_type=\"divider.default\">\n\t\t\t\t\t\t\t<div class=\"elementor-divider\">\n\t\t\t<span class=\"elementor-divider-separator\">\n\t\t\t\t\t\t<\/span>\n\t\t<\/div>\n\t\t\t\t\t\t<\/div>\n\t\t\t\t<\/div>\n\t\t<div class=\"elementor-element elementor-element-79f3ed3 e-con-full e-flex e-con e-child\" data-id=\"79f3ed3\" data-element_type=\"container\">\n\t\t\t\t<div class=\"elementor-element elementor-element-5ba7068 elementor-widget__width-initial elementor-widget elementor-widget-heading\" data-id=\"5ba7068\" data-element_type=\"widget\" data-widget_type=\"heading.default\">\n\t\t\t\t\t<h1 class=\"elementor-heading-title elementor-size-default\">Everything you need for your business<\/h1>\t\t\t\t<\/div>\n\t\t\t\t<div class=\"elementor-element elementor-element-d026bde elementor-widget-divider--view-line elementor-widget elementor-widget-divider\" data-id=\"d026bde\" data-element_type=\"widget\" data-widget_type=\"divider.default\">\n\t\t\t\t\t\t\t<div class=\"elementor-divider\">\n\t\t\t<span class=\"elementor-divider-separator\">\n\t\t\t\t\t\t<\/span>\n\t\t<\/div>\n\t\t\t\t\t\t<\/div>\n\t\t\t\t<div class=\"elementor-element elementor-element-51abf5b elementor-widget elementor-widget-text-editor\" data-id=\"51abf5b\" data-element_type=\"widget\" data-widget_type=\"text-editor.default\">\n\t\t\t\t\t\t\t\t\t<ul><li>Increasing profitability with predictive models.<\/li><li>Reduces fraud and anomalies in real-time.<\/li><li>Optimize critical processes: collection, pricing, factoring, and accounts payable\/receivable.<\/li><li>Generates documents automatically with AI generative (Thinker).<\/li><li>Ensures the continuity and governance of the data with international standards.<\/li><\/ul>\t\t\t\t\t\t\t\t<\/div>\n\t\t\t\t<div class=\"elementor-element elementor-element-f2965ae elementor-align-left elementor-mobile-align-center elementor-widget elementor-widget-button\" data-id=\"f2965ae\" data-element_type=\"widget\" data-widget_type=\"button.default\">\n\t\t\t\t\t\t\t\t\t\t<a class=\"elementor-button elementor-button-link elementor-size-sm\" href=\"#elementor-action%3Aaction%3Dpopup%3Aopen%26settings%3DeyJpZCI6IjE3MzAiLCJ0b2dnbGUiOmZhbHNlfQ%3D%3D\">\n\t\t\t\t\t\t<span class=\"elementor-button-content-wrapper\">\n\t\t\t\t\t\t\t\t\t<span class=\"elementor-button-text\">SCHEDULE A COUNSELING \u2192<\/span>\n\t\t\t\t\t<\/span>\n\t\t\t\t\t<\/a>\n\t\t\t\t\t\t\t\t<\/div>\n\t\t\t\t<\/div>\n\t\t\t\t<\/div>\n\t\t\t\t\t<\/div>\n\t\t\t\t<\/div>\n\t\t<div class=\"elementor-element elementor-element-b1872f2 e-flex e-con-boxed e-con e-parent\" data-id=\"b1872f2\" data-element_type=\"container\" data-settings=\"{&quot;background_background&quot;:&quot;classic&quot;}\">\n\t\t\t\t\t<div class=\"e-con-inner\">\n\t\t<div class=\"elementor-element elementor-element-34426ea e-con-full e-flex e-con e-child\" data-id=\"34426ea\" data-element_type=\"container\">\n\t\t\t\t<div class=\"elementor-element elementor-element-7554c3e elementor-widget__width-initial elementor-widget elementor-widget-heading\" data-id=\"7554c3e\" data-element_type=\"widget\" data-widget_type=\"heading.default\">\n\t\t\t\t\t<h1 class=\"elementor-heading-title elementor-size-default\">Solutions for <span style=\"color: #ff3b3c\"><span> Modern Banking<\/span><\/span><\/h1>\t\t\t\t<\/div>\n\t\t\t\t<div class=\"elementor-element elementor-element-859d838 elementor-widget-divider--view-line elementor-widget elementor-widget-divider\" data-id=\"859d838\" data-element_type=\"widget\" data-widget_type=\"divider.default\">\n\t\t\t\t\t\t\t<div class=\"elementor-divider\">\n\t\t\t<span class=\"elementor-divider-separator\">\n\t\t\t\t\t\t<\/span>\n\t\t<\/div>\n\t\t\t\t\t\t<\/div>\n\t\t\t\t<div class=\"elementor-element elementor-element-0e974df elementor-widget elementor-widget-text-editor\" data-id=\"0e974df\" data-element_type=\"widget\" data-widget_type=\"text-editor.default\">\n\t\t\t\t\t\t\t\t\t<ul><li>Scoring of risk for unbanked \u2192 Access to more customers with less risk.<\/li><li>Optimization of the process of collection \u2192 Increases up to 25% recovery of debt.<\/li><li>Automatic generation of documents with AI generative \u2192 Reduce 70% of the time in internal audits.<br \/>Pricing and Factoring smart \u2192 Improved margins with data-based decisions.x<\/li><li>To properly manage the personal data is no longer an administrative process; it's an investment that supports sustainable growth of your business.<\/li><\/ul>\t\t\t\t\t\t\t\t<\/div>\n\t\t\t\t<div class=\"elementor-element elementor-element-04fee51 elementor-align-left elementor-mobile-align-center elementor-widget elementor-widget-button\" data-id=\"04fee51\" data-element_type=\"widget\" data-widget_type=\"button.default\">\n\t\t\t\t\t\t\t\t\t\t<a class=\"elementor-button elementor-button-link elementor-size-sm\" href=\"#elementor-action%3Aaction%3Dpopup%3Aopen%26settings%3DeyJpZCI6IjE3MzAiLCJ0b2dnbGUiOmZhbHNlfQ%3D%3D\" target=\"_blank\">\n\t\t\t\t\t\t<span class=\"elementor-button-content-wrapper\">\n\t\t\t\t\t\t\t\t\t<span class=\"elementor-button-text\">SEE MORE \u2192<\/span>\n\t\t\t\t\t<\/span>\n\t\t\t\t\t<\/a>\n\t\t\t\t\t\t\t\t<\/div>\n\t\t\t\t<\/div>\n\t\t\t\t\t<\/div>\n\t\t\t\t<\/div>\n\t\t<div class=\"elementor-element elementor-element-26262c5 e-flex e-con-boxed e-con e-parent\" data-id=\"26262c5\" data-element_type=\"container\" data-settings=\"{&quot;background_background&quot;:&quot;classic&quot;}\">\n\t\t\t\t\t<div class=\"e-con-inner\">\n\t\t<div class=\"elementor-element elementor-element-313ab9c e-con-full e-flex e-con e-child\" data-id=\"313ab9c\" data-element_type=\"container\">\n\t\t\t\t<div class=\"elementor-element elementor-element-c65c5fa elementor-widget__width-initial elementor-widget elementor-widget-heading\" data-id=\"c65c5fa\" data-element_type=\"widget\" data-widget_type=\"heading.default\">\n\t\t\t\t\t<h1 class=\"elementor-heading-title elementor-size-default\">Artificial intelligence for <span style=\"color: #ff3b3c\"><span> Safe Reliable<\/span><\/span><\/h1>\t\t\t\t<\/div>\n\t\t\t\t<div class=\"elementor-element elementor-element-77bb730 elementor-widget-divider--view-line elementor-widget elementor-widget-divider\" data-id=\"77bb730\" data-element_type=\"widget\" data-widget_type=\"divider.default\">\n\t\t\t\t\t\t\t<div class=\"elementor-divider\">\n\t\t\t<span class=\"elementor-divider-separator\">\n\t\t\t\t\t\t<\/span>\n\t\t<\/div>\n\t\t\t\t\t\t<\/div>\n\t\t\t\t<div class=\"elementor-element elementor-element-a670662 elementor-widget elementor-widget-text-editor\" data-id=\"a670662\" data-element_type=\"widget\" data-widget_type=\"text-editor.default\">\n\t\t\t\t\t\t\t\t\t<ul><li>Detection of anomalies in suppliers \u2192 Reduces the risks in the value chain.<\/li><li>Health insurance \u2192 early Identification of fraud and refunds incorrect.<\/li><li>Insurance auto \u2192 proactive Prevention of fraud in claims.<\/li><\/ul>\t\t\t\t\t\t\t\t<\/div>\n\t\t\t\t<div class=\"elementor-element elementor-element-53ebf50 elementor-align-left elementor-mobile-align-center elementor-widget elementor-widget-button\" data-id=\"53ebf50\" data-element_type=\"widget\" data-widget_type=\"button.default\">\n\t\t\t\t\t\t\t\t\t\t<a class=\"elementor-button elementor-button-link elementor-size-sm\" href=\"#elementor-action%3Aaction%3Dpopup%3Aopen%26settings%3DeyJpZCI6IjE3MzAiLCJ0b2dnbGUiOmZhbHNlfQ%3D%3D\" target=\"_blank\">\n\t\t\t\t\t\t<span class=\"elementor-button-content-wrapper\">\n\t\t\t\t\t\t\t\t\t<span class=\"elementor-button-text\">SEE MORE \u2192<\/span>\n\t\t\t\t\t<\/span>\n\t\t\t\t\t<\/a>\n\t\t\t\t\t\t\t\t<\/div>\n\t\t\t\t<\/div>\n\t\t\t\t\t<\/div>\n\t\t\t\t<\/div>\n\t\t<div class=\"elementor-element elementor-element-ea609cb e-flex e-con-boxed e-con e-parent\" data-id=\"ea609cb\" data-element_type=\"container\" data-settings=\"{&quot;background_background&quot;:&quot;gradient&quot;}\">\n\t\t\t\t\t<div class=\"e-con-inner\">\n\t\t<div class=\"elementor-element elementor-element-7d1456d e-con-full e-flex e-con e-child\" data-id=\"7d1456d\" data-element_type=\"container\">\n\t\t<div class=\"elementor-element elementor-element-17b98f0 e-con-full e-flex e-con e-child\" data-id=\"17b98f0\" data-element_type=\"container\">\n\t\t\t\t<div class=\"elementor-element elementor-element-9d6569e elementor-widget__width-initial elementor-widget elementor-widget-heading\" data-id=\"9d6569e\" data-element_type=\"widget\" data-widget_type=\"heading.default\">\n\t\t\t\t\t<h1 class=\"elementor-heading-title elementor-size-default\">Impact found in the insurance and financial industry<\/h1>\t\t\t\t<\/div>\n\t\t\t\t<div class=\"elementor-element elementor-element-f387ecf elementor-widget-divider--view-line elementor-widget elementor-widget-divider\" data-id=\"f387ecf\" data-element_type=\"widget\" data-widget_type=\"divider.default\">\n\t\t\t\t\t\t\t<div class=\"elementor-divider\">\n\t\t\t<span class=\"elementor-divider-separator\">\n\t\t\t\t\t\t<\/span>\n\t\t<\/div>\n\t\t\t\t\t\t<\/div>\n\t\t\t\t<div class=\"elementor-element elementor-element-82ce91d elementor-widget__width-initial elementor-widget elementor-widget-text-editor\" data-id=\"82ce91d\" data-element_type=\"widget\" data-widget_type=\"text-editor.default\">\n\t\t\t\t\t\t\t\t\t<p>Our projects generate real improvements in efficiency, security and profitability.<\/p>\t\t\t\t\t\t\t\t<\/div>\n\t\t\t\t<div class=\"elementor-element elementor-element-181776e elementor-widget elementor-widget-counter\" data-id=\"181776e\" data-element_type=\"widget\" data-widget_type=\"counter.default\">\n\t\t\t\t\t\t\t<div class=\"elementor-counter\">\n\t\t\t<div class=\"elementor-counter-title\">time savings in internal audits.<\/div>\t\t\t<div class=\"elementor-counter-number-wrapper\">\n\t\t\t\t<span class=\"elementor-counter-number-prefix\">+<\/span>\n\t\t\t\t<span class=\"elementor-counter-number\" data-duration=\"2000\" data-to-value=\"70\" data-from-value=\"0\" data-delimiter=\",\">0<\/span>\n\t\t\t\t<span class=\"elementor-counter-number-suffix\">%<\/span>\n\t\t\t<\/div>\n\t\t<\/div>\n\t\t\t\t\t\t<\/div>\n\t\t\t\t<div class=\"elementor-element elementor-element-73241a8 elementor-widget elementor-widget-counter\" data-id=\"73241a8\" data-element_type=\"widget\" data-widget_type=\"counter.default\">\n\t\t\t\t\t\t\t<div class=\"elementor-counter\">\n\t\t\t<div class=\"elementor-counter-title\">in rate of recovery of debts.<\/div>\t\t\t<div class=\"elementor-counter-number-wrapper\">\n\t\t\t\t<span class=\"elementor-counter-number-prefix\">+<\/span>\n\t\t\t\t<span class=\"elementor-counter-number\" data-duration=\"2000\" data-to-value=\"25\" data-from-value=\"0\" data-delimiter=\",\">0<\/span>\n\t\t\t\t<span class=\"elementor-counter-number-suffix\">%<\/span>\n\t\t\t<\/div>\n\t\t<\/div>\n\t\t\t\t\t\t<\/div>\n\t\t\t\t<div class=\"elementor-element elementor-element-4b3f5fe elementor-widget elementor-widget-counter\" data-id=\"4b3f5fe\" data-element_type=\"widget\" data-widget_type=\"counter.default\">\n\t\t\t\t\t\t\t<div class=\"elementor-counter\">\n\t\t\t<div class=\"elementor-counter-title\">in losses due to insurance fraud.<\/div>\t\t\t<div class=\"elementor-counter-number-wrapper\">\n\t\t\t\t<span class=\"elementor-counter-number-prefix\">-<\/span>\n\t\t\t\t<span class=\"elementor-counter-number\" data-duration=\"2000\" data-to-value=\"30\" data-from-value=\"0\" data-delimiter=\",\">0<\/span>\n\t\t\t\t<span class=\"elementor-counter-number-suffix\">%<\/span>\n\t\t\t<\/div>\n\t\t<\/div>\n\t\t\t\t\t\t<\/div>\n\t\t\t\t<\/div>\n\t\t\t\t<\/div>\n\t\t<div class=\"elementor-element elementor-element-0aff50f e-con-full e-flex e-con e-child\" data-id=\"0aff50f\" data-element_type=\"container\">\n\t\t\t\t<div class=\"elementor-element elementor-element-dc6dd4a elementor-widget elementor-widget-image\" data-id=\"dc6dd4a\" data-element_type=\"widget\" data-widget_type=\"image.default\">\n\t\t\t\t\t\t\t\t\t\t\t\t\t\t\t<img fetchpriority=\"high\" decoding=\"async\" width=\"800\" height=\"448\" src=\"https:\/\/alaya.cl\/wp-content\/uploads\/2025\/07\/cekaix_diverse_team_of_professionals_in_modern_glass_office_bra_47b7e431-155a-409c-b9fb-126b3209622a-1024x574.webp\" class=\"attachment-large size-large wp-image-648\" alt=\"\" srcset=\"https:\/\/alaya.cl\/wp-content\/uploads\/2025\/07\/cekaix_diverse_team_of_professionals_in_modern_glass_office_bra_47b7e431-155a-409c-b9fb-126b3209622a-1024x574.webp 1024w, https:\/\/alaya.cl\/wp-content\/uploads\/2025\/07\/cekaix_diverse_team_of_professionals_in_modern_glass_office_bra_47b7e431-155a-409c-b9fb-126b3209622a-300x168.webp 300w, https:\/\/alaya.cl\/wp-content\/uploads\/2025\/07\/cekaix_diverse_team_of_professionals_in_modern_glass_office_bra_47b7e431-155a-409c-b9fb-126b3209622a-768x430.webp 768w, https:\/\/alaya.cl\/wp-content\/uploads\/2025\/07\/cekaix_diverse_team_of_professionals_in_modern_glass_office_bra_47b7e431-155a-409c-b9fb-126b3209622a-1536x861.webp 1536w, https:\/\/alaya.cl\/wp-content\/uploads\/2025\/07\/cekaix_diverse_team_of_professionals_in_modern_glass_office_bra_47b7e431-155a-409c-b9fb-126b3209622a-2048x1148.webp 2048w\" sizes=\"(max-width: 800px) 100vw, 800px\" \/>\t\t\t\t\t\t\t\t\t\t\t\t\t\t\t<\/div>\n\t\t\t\t<\/div>\n\t\t\t\t\t<\/div>\n\t\t\t\t<\/div>\n\t\t<div class=\"elementor-element elementor-element-f7ffc2b e-flex e-con-boxed e-con e-parent\" data-id=\"f7ffc2b\" data-element_type=\"container\" data-settings=\"{&quot;background_background&quot;:&quot;classic&quot;}\">\n\t\t\t\t\t<div class=\"e-con-inner\">\n\t\t<div class=\"elementor-element elementor-element-84455d1 e-con-full e-flex e-con e-child\" data-id=\"84455d1\" data-element_type=\"container\" data-settings=\"{&quot;background_background&quot;:&quot;classic&quot;}\">\n\t\t<div class=\"elementor-element elementor-element-46171a6 e-con-full e-flex e-con e-child\" data-id=\"46171a6\" data-element_type=\"container\">\n\t\t\t\t<div class=\"elementor-element elementor-element-52286f2 elementor-widget__width-initial elementor-widget elementor-widget-heading\" data-id=\"52286f2\" data-element_type=\"widget\" data-widget_type=\"heading.default\">\n\t\t\t\t\t<h1 class=\"elementor-heading-title elementor-size-default\">Schedule a meeting<\/h1>\t\t\t\t<\/div>\n\t\t\t\t<div class=\"elementor-element elementor-element-fdf257d elementor-widget-divider--view-line elementor-widget elementor-widget-divider\" data-id=\"fdf257d\" data-element_type=\"widget\" data-widget_type=\"divider.default\">\n\t\t\t\t\t\t\t<div class=\"elementor-divider\">\n\t\t\t<span class=\"elementor-divider-separator\">\n\t\t\t\t\t\t<\/span>\n\t\t<\/div>\n\t\t\t\t\t\t<\/div>\n\t\t<div class=\"elementor-element elementor-element-98eb4c6 e-con-full e-flex e-con e-child\" data-id=\"98eb4c6\" data-element_type=\"container\">\n\t\t\t\t<div class=\"elementor-element elementor-element-2cbe0e9 elementor-align-left elementor-mobile-align-center elementor-widget elementor-widget-button\" data-id=\"2cbe0e9\" data-element_type=\"widget\" data-widget_type=\"button.default\">\n\t\t\t\t\t\t\t\t\t\t<a class=\"elementor-button elementor-button-link elementor-size-sm\" href=\"#elementor-action%3Aaction%3Dpopup%3Aopen%26settings%3DeyJpZCI6IjE3MzAiLCJ0b2dnbGUiOmZhbHNlfQ%3D%3D\" target=\"_blank\">\n\t\t\t\t\t\t<span class=\"elementor-button-content-wrapper\">\n\t\t\t\t\t\t\t\t\t<span class=\"elementor-button-text\">SCHEDULE A COUNSELING \u2192<\/span>\n\t\t\t\t\t<\/span>\n\t\t\t\t\t<\/a>\n\t\t\t\t\t\t\t\t<\/div>\n\t\t\t\t<\/div>\n\t\t\t\t<\/div>\n\t\t\t\t<\/div>\n\t\t\t\t\t<\/div>\n\t\t\t\t<\/div>\n\t\t\t\t<\/div>","protected":false},"excerpt":{"rendered":"<p>Banca, seguros y servicios Transforma la Banca y los Seguros con IA de \u00daltima Generaci\u00f3n Optimiza procesos, detecta riesgos y genera nuevas oportunidades de negocio con soluciones basadas en anal\u00edtica avanzada e inteligencia artificial. HABLA CON UN EXPERTO \u2192 Alaya para tu negocio financiero y de seguros Todo lo que necesitas para tu negocio Incrementa [&hellip;]<\/p>","protected":false},"author":2,"featured_media":0,"parent":0,"menu_order":0,"comment_status":"closed","ping_status":"closed","template":"","meta":{"footnotes":""},"class_list":["post-485","page","type-page","status-publish","hentry"],"_links":{"self":[{"href":"https:\/\/alaya.cl\/en\/wp-json\/wp\/v2\/pages\/485","targetHints":{"allow":["GET"]}}],"collection":[{"href":"https:\/\/alaya.cl\/en\/wp-json\/wp\/v2\/pages"}],"about":[{"href":"https:\/\/alaya.cl\/en\/wp-json\/wp\/v2\/types\/page"}],"author":[{"embeddable":true,"href":"https:\/\/alaya.cl\/en\/wp-json\/wp\/v2\/users\/2"}],"replies":[{"embeddable":true,"href":"https:\/\/alaya.cl\/en\/wp-json\/wp\/v2\/comments?post=485"}],"version-history":[{"count":50,"href":"https:\/\/alaya.cl\/en\/wp-json\/wp\/v2\/pages\/485\/revisions"}],"predecessor-version":[{"id":1795,"href":"https:\/\/alaya.cl\/en\/wp-json\/wp\/v2\/pages\/485\/revisions\/1795"}],"wp:attachment":[{"href":"https:\/\/alaya.cl\/en\/wp-json\/wp\/v2\/media?parent=485"}],"curies":[{"name":"wp","href":"https:\/\/api.w.org\/{rel}","templated":true}]}}