{"id":2155,"date":"2025-09-15T01:55:18","date_gmt":"2025-09-15T01:55:18","guid":{"rendered":"https:\/\/alaya.cl\/?page_id=2155"},"modified":"2025-09-15T02:39:31","modified_gmt":"2025-09-15T02:39:31","slug":"gemelos-digitales-alaya-mining","status":"publish","type":"page","link":"https:\/\/alaya.cl\/en\/gemelos-digitales-alaya-mining\/","title":{"rendered":"Gemelos Digitales &#8211; Alaya Mining"},"content":{"rendered":"<div data-elementor-type=\"wp-page\" data-elementor-id=\"2155\" class=\"elementor elementor-2155\" data-elementor-post-type=\"page\">\n\t\t\t\t<div class=\"elementor-element elementor-element-06ec8dd e-flex e-con-boxed e-con e-parent\" data-id=\"06ec8dd\" data-element_type=\"container\" data-settings=\"{&quot;background_background&quot;:&quot;classic&quot;}\">\n\t\t\t\t\t<div class=\"e-con-inner\">\n\t\t<div class=\"elementor-element elementor-element-72339c7 e-con-full e-flex e-con e-child\" data-id=\"72339c7\" data-element_type=\"container\">\n\t\t\t\t<div class=\"elementor-element elementor-element-b00e418 elementor-widget elementor-widget-heading\" data-id=\"b00e418\" data-element_type=\"widget\" data-widget_type=\"heading.default\">\n\t\t\t\t\t<h2 class=\"elementor-heading-title elementor-size-default\">Digital Twins in the process of lithium<\/h2>\t\t\t\t<\/div>\n\t\t\t\t<div class=\"elementor-element elementor-element-8e3f729 elementor-widget__width-initial elementor-widget elementor-widget-heading\" data-id=\"8e3f729\" data-element_type=\"widget\" data-widget_type=\"heading.default\">\n\t\t\t\t\t<h1 class=\"elementor-heading-title elementor-size-default\">Digital Twins<\/h1>\t\t\t\t<\/div>\n\t\t\t\t<div class=\"elementor-element elementor-element-50da6cd elementor-widget-divider--view-line elementor-widget elementor-widget-divider\" data-id=\"50da6cd\" data-element_type=\"widget\" data-widget_type=\"divider.default\">\n\t\t\t\t\t\t\t<div class=\"elementor-divider\">\n\t\t\t<span class=\"elementor-divider-separator\">\n\t\t\t\t\t\t<\/span>\n\t\t<\/div>\n\t\t\t\t\t\t<\/div>\n\t\t\t\t<div class=\"elementor-element elementor-element-b9943ac elementor-widget__width-initial elementor-widget elementor-widget-text-editor\" data-id=\"b9943ac\" data-element_type=\"widget\" data-widget_type=\"text-editor.default\">\n\t\t\t\t\t\t\t\t\t<p data-start=\"892\" data-end=\"1256\">A Digital Twin with AI optimizes evaporation ponds, lithium, integrating meteorological variables, brine and operational. Reduces time, increases concentrations and prevents sedimentation through real-time monitoring, simulations of reaction and predictive analysis. Generates operational recommendations to adjust parameters and to maximize the recovery, with continuous control is integral.<\/p><p><!-- notionvc: 7c764ece-9009-4956-aa76-8a167861c2d5 --><\/p>\t\t\t\t\t\t\t\t<\/div>\n\t\t\t\t<div class=\"elementor-element elementor-element-cde1484 elementor-align-left elementor-mobile-align-center elementor-widget elementor-widget-button\" data-id=\"cde1484\" data-element_type=\"widget\" data-widget_type=\"button.default\">\n\t\t\t\t\t\t\t\t\t\t<a class=\"elementor-button elementor-button-link elementor-size-sm\" href=\"#elementor-action%3Aaction%3Dpopup%3Aopen%26settings%3DeyJpZCI6IjE3MzAiLCJ0b2dnbGUiOmZhbHNlfQ%3D%3D\" target=\"_blank\">\n\t\t\t\t\t\t<span class=\"elementor-button-content-wrapper\">\n\t\t\t\t\t\t\t\t\t<span class=\"elementor-button-text\">Let's TALK \u2192<\/span>\n\t\t\t\t\t<\/span>\n\t\t\t\t\t<\/a>\n\t\t\t\t\t\t\t\t<\/div>\n\t\t\t\t<\/div>\n\t\t\t\t\t<\/div>\n\t\t\t\t<\/div>\n\t\t<div class=\"elementor-element elementor-element-f63e308 e-flex e-con-boxed e-con e-parent\" data-id=\"f63e308\" data-element_type=\"container\">\n\t\t\t\t\t<div class=\"e-con-inner\">\n\t\t\t\t<div class=\"elementor-element elementor-element-6b21c60 elementor-widget elementor-widget-heading\" data-id=\"6b21c60\" data-element_type=\"widget\" data-widget_type=\"heading.default\">\n\t\t\t\t\t<h2 class=\"elementor-heading-title elementor-size-default\">Optimization of evaporation ponds with AI<\/h2>\t\t\t\t<\/div>\n\t\t\t\t<div class=\"elementor-element elementor-element-72c59fd elementor-widget__width-initial elementor-widget elementor-widget-text-editor\" data-id=\"72c59fd\" data-element_type=\"widget\" data-widget_type=\"text-editor.default\">\n\t\t\t\t\t\t\t\t\t<p>We model and monitor wells in real time (brine, temperature, humidity, and concentration), we simulate reactions and apply predictive analysis to reduce time, increase concentrations and to avoid sedimentation, aligning operation and quality.<\/p>\t\t\t\t\t\t\t\t<\/div>\n\t\t\t\t\t<\/div>\n\t\t\t\t<\/div>\n\t\t<div class=\"elementor-element elementor-element-8e8660b e-flex e-con-boxed e-con e-parent\" data-id=\"8e8660b\" data-element_type=\"container\" data-settings=\"{&quot;background_background&quot;:&quot;classic&quot;}\">\n\t\t\t\t\t<div class=\"e-con-inner\">\n\t\t\t\t<div class=\"elementor-element elementor-element-355257b elementor-widget elementor-widget-image\" data-id=\"355257b\" data-element_type=\"widget\" data-widget_type=\"image.default\">\n\t\t\t\t\t\t\t\t\t\t\t\t\t\t\t<img fetchpriority=\"high\" decoding=\"async\" width=\"800\" height=\"479\" src=\"https:\/\/alaya.cl\/wp-content\/uploads\/2025\/09\/Pasted-Graphic-8-1-1024x613.webp\" class=\"attachment-large size-large wp-image-2176\" alt=\"\" srcset=\"https:\/\/alaya.cl\/wp-content\/uploads\/2025\/09\/Pasted-Graphic-8-1-1024x613.webp 1024w, https:\/\/alaya.cl\/wp-content\/uploads\/2025\/09\/Pasted-Graphic-8-1-300x180.webp 300w, https:\/\/alaya.cl\/wp-content\/uploads\/2025\/09\/Pasted-Graphic-8-1-768x460.webp 768w, https:\/\/alaya.cl\/wp-content\/uploads\/2025\/09\/Pasted-Graphic-8-1-1536x920.webp 1536w, https:\/\/alaya.cl\/wp-content\/uploads\/2025\/09\/Pasted-Graphic-8-1-2048x1226.webp 2048w\" sizes=\"(max-width: 800px) 100vw, 800px\" \/>\t\t\t\t\t\t\t\t\t\t\t\t\t\t\t<\/div>\n\t\t\t\t\t<\/div>\n\t\t\t\t<\/div>\n\t\t<div class=\"elementor-element elementor-element-701db2c e-grid e-con-boxed e-con e-parent\" data-id=\"701db2c\" data-element_type=\"container\">\n\t\t\t\t\t<div class=\"e-con-inner\">\n\t\t<div class=\"elementor-element elementor-element-3840359 e-con-full e-flex e-con e-child\" data-id=\"3840359\" data-element_type=\"container\" data-settings=\"{&quot;background_background&quot;:&quot;classic&quot;}\">\n\t\t\t\t<div class=\"elementor-element elementor-element-4c94e72 elementor-view-default elementor-widget elementor-widget-icon\" data-id=\"4c94e72\" data-element_type=\"widget\" data-widget_type=\"icon.default\">\n\t\t\t\t\t\t\t<div class=\"elementor-icon-wrapper\">\n\t\t\t<div class=\"elementor-icon\">\n\t\t\t<svg aria-hidden=\"true\" class=\"e-font-icon-svg e-fas-check\" viewbox=\"0 0 512 512\" xmlns=\"http:\/\/www.w3.org\/2000\/svg\"><path d=\"M173.898 439.404l-166.4-166.4c-9.997-9.997-9.997-26.206 0-36.204l36.203-36.204c9.997-9.998 26.207-9.998 36.204 0L192 312.69 432.095 72.596c9.997-9.997 26.207-9.997 36.204 0l36.203 36.204c9.997 9.997 9.997 26.206 0 36.204l-294.4 294.401c-9.998 9.997-26.207 9.997-36.204-.001z\"><\/path><\/svg>\t\t\t<\/div>\n\t\t<\/div>\n\t\t\t\t\t\t<\/div>\n\t\t\t\t<div class=\"elementor-element elementor-element-6cf9c30 elementor-widget elementor-widget-heading\" data-id=\"6cf9c30\" data-element_type=\"widget\" data-widget_type=\"heading.default\">\n\t\t\t\t\t<h3 class=\"elementor-heading-title elementor-size-default\">REAL-TIME MONITORING<\/h3>\t\t\t\t<\/div>\n\t\t\t\t<div class=\"elementor-element elementor-element-18760b4 elementor-widget elementor-widget-text-editor\" data-id=\"18760b4\" data-element_type=\"widget\" data-widget_type=\"text-editor.default\">\n\t\t\t\t\t\t\t\t\t<p>On the basis of the sensors and data existing in the evaporation ponds, collect real-time data on levels of brine, temperature, humidity, and concentration of lithium, allowing you to visualize these data in a panel of centralized control<\/p>\t\t\t\t\t\t\t\t<\/div>\n\t\t\t\t<\/div>\n\t\t<div class=\"elementor-element elementor-element-0ef613b e-con-full e-flex e-con e-child\" data-id=\"0ef613b\" data-element_type=\"container\" data-settings=\"{&quot;background_background&quot;:&quot;classic&quot;}\">\n\t\t\t\t<div class=\"elementor-element elementor-element-61926ac elementor-view-default elementor-widget elementor-widget-icon\" data-id=\"61926ac\" data-element_type=\"widget\" data-widget_type=\"icon.default\">\n\t\t\t\t\t\t\t<div class=\"elementor-icon-wrapper\">\n\t\t\t<div class=\"elementor-icon\">\n\t\t\t<svg aria-hidden=\"true\" class=\"e-font-icon-svg e-fas-chart-area\" viewbox=\"0 0 512 512\" xmlns=\"http:\/\/www.w3.org\/2000\/svg\"><path d=\"M500 384c6.6 0 12 5.4 12 12v40c0 6.6-5.4 12-12 12H12c-6.6 0-12-5.4-12-12V76c0-6.6 5.4-12 12-12h40c6.6 0 12 5.4 12 12v308h436zM372.7 159.5L288 216l-85.3-113.7c-5.1-6.8-15.5-6.3-19.9 1L96 248v104h384l-89.9-187.8c-3.2-6.5-11.4-8.7-17.4-4.7z\"><\/path><\/svg>\t\t\t<\/div>\n\t\t<\/div>\n\t\t\t\t\t\t<\/div>\n\t\t\t\t<div class=\"elementor-element elementor-element-0463496 elementor-widget elementor-widget-heading\" data-id=\"0463496\" data-element_type=\"widget\" data-widget_type=\"heading.default\">\n\t\t\t\t\t<h3 class=\"elementor-heading-title elementor-size-default\">MODELING AND SIMULATION<\/h3>\t\t\t\t<\/div>\n\t\t\t\t<div class=\"elementor-element elementor-element-7f5d7ae elementor-widget elementor-widget-text-editor\" data-id=\"7f5d7ae\" data-element_type=\"widget\" data-widget_type=\"text-editor.default\">\n\t\t\t\t\t\t\t\t\t<p>Through the creation of mathematical models, based on data, to simulate the reactions that occur in the evaporation ponds. Perform multiple simulations to test different scenarios, such as changes in climatic conditions, or in the levels of brine, without interrupting the real-world operations.<\/p>\t\t\t\t\t\t\t\t<\/div>\n\t\t\t\t<\/div>\n\t\t<div class=\"elementor-element elementor-element-63dbb23 e-con-full e-flex e-con e-child\" data-id=\"63dbb23\" data-element_type=\"container\" data-settings=\"{&quot;background_background&quot;:&quot;classic&quot;}\">\n\t\t\t\t<div class=\"elementor-element elementor-element-84ec0f9 elementor-view-default elementor-widget elementor-widget-icon\" data-id=\"84ec0f9\" data-element_type=\"widget\" data-widget_type=\"icon.default\">\n\t\t\t\t\t\t\t<div class=\"elementor-icon-wrapper\">\n\t\t\t<div class=\"elementor-icon\">\n\t\t\t<svg aria-hidden=\"true\" class=\"e-font-icon-svg e-fas-fast-forward\" viewbox=\"0 0 512 512\" xmlns=\"http:\/\/www.w3.org\/2000\/svg\"><path d=\"M512 76v360c0 6.6-5.4 12-12 12h-40c-6.6 0-12-5.4-12-12V284.1L276.5 440.6c-20.6 17.2-52.5 2.8-52.5-24.6V284.1L52.5 440.6C31.9 457.8 0 443.4 0 416V96c0-27.4 31.9-41.7 52.5-24.6L224 226.8V96c0-27.4 31.9-41.7 52.5-24.6L448 226.8V76c0-6.6 5.4-12 12-12h40c6.6 0 12 5.4 12 12z\"><\/path><\/svg>\t\t\t<\/div>\n\t\t<\/div>\n\t\t\t\t\t\t<\/div>\n\t\t\t\t<div class=\"elementor-element elementor-element-f4bf0a2 elementor-widget elementor-widget-heading\" data-id=\"f4bf0a2\" data-element_type=\"widget\" data-widget_type=\"heading.default\">\n\t\t\t\t\t<h3 class=\"elementor-heading-title elementor-size-default\">PREDICTIVE ANALYSIS<\/h3>\t\t\t\t<\/div>\n\t\t\t\t<div class=\"elementor-element elementor-element-2883deb elementor-widget elementor-widget-text-editor\" data-id=\"2883deb\" data-element_type=\"widget\" data-widget_type=\"text-editor.default\">\n\t\t\t\t\t\t\t\t\t<p>Through the implementation of Algorithms of Machine Learning, analyze historical data and predict future trends, as the rate of evaporation and the concentration of lithium.<\/p>\t\t\t\t\t\t\t\t<\/div>\n\t\t\t\t<\/div>\n\t\t<div class=\"elementor-element elementor-element-2127fcd e-con-full e-flex e-con e-child\" data-id=\"2127fcd\" data-element_type=\"container\" data-settings=\"{&quot;background_background&quot;:&quot;classic&quot;}\">\n\t\t\t\t<div class=\"elementor-element elementor-element-084fd0d elementor-view-default elementor-widget elementor-widget-icon\" data-id=\"084fd0d\" data-element_type=\"widget\" data-widget_type=\"icon.default\">\n\t\t\t\t\t\t\t<div class=\"elementor-icon-wrapper\">\n\t\t\t<div class=\"elementor-icon\">\n\t\t\t<svg aria-hidden=\"true\" class=\"e-font-icon-svg e-fas-project-diagram\" viewbox=\"0 0 640 512\" xmlns=\"http:\/\/www.w3.org\/2000\/svg\"><path d=\"M384 320H256c-17.67 0-32 14.33-32 32v128c0 17.67 14.33 32 32 32h128c17.67 0 32-14.33 32-32V352c0-17.67-14.33-32-32-32zM192 32c0-17.67-14.33-32-32-32H32C14.33 0 0 14.33 0 32v128c0 17.67 14.33 32 32 32h95.72l73.16 128.04C211.98 300.98 232.4 288 256 288h.28L192 175.51V128h224V64H192V32zM608 0H480c-17.67 0-32 14.33-32 32v128c0 17.67 14.33 32 32 32h128c17.67 0 32-14.33 32-32V32c0-17.67-14.33-32-32-32z\"><\/path><\/svg>\t\t\t<\/div>\n\t\t<\/div>\n\t\t\t\t\t\t<\/div>\n\t\t\t\t<div class=\"elementor-element elementor-element-29b7580 elementor-widget elementor-widget-heading\" data-id=\"29b7580\" data-element_type=\"widget\" data-widget_type=\"heading.default\">\n\t\t\t\t\t<h3 class=\"elementor-heading-title elementor-size-default\">TO GENERATE RECOMMENDATIONS FOR OPERATION<\/h3>\t\t\t\t<\/div>\n\t\t\t\t<div class=\"elementor-element elementor-element-86fe6d4 elementor-widget elementor-widget-text-editor\" data-id=\"86fe6d4\" data-element_type=\"widget\" data-widget_type=\"text-editor.default\">\n\t\t\t\t\t\t\t\t\t<p>To continually adjust the process parameters to maximize the recovery of lithium. On the basis of historical data, to generate recommendations for operation of the variables actionable greatest impact they have on the better result of the process<\/p>\t\t\t\t\t\t\t\t<\/div>\n\t\t\t\t<\/div>\n\t\t\t\t\t<\/div>\n\t\t\t\t<\/div>\n\t\t<div class=\"elementor-element elementor-element-c398c49 e-flex e-con-boxed e-con e-parent\" data-id=\"c398c49\" data-element_type=\"container\">\n\t\t\t\t\t<div class=\"e-con-inner\">\n\t\t\t\t<div class=\"elementor-element elementor-element-5da63ce elementor-widget elementor-widget-heading\" data-id=\"5da63ce\" data-element_type=\"widget\" data-widget_type=\"heading.default\">\n\t\t\t\t\t<h2 class=\"elementor-heading-title elementor-size-default\">Twins Digital that turn data into decisions<\/h2>\t\t\t\t<\/div>\n\t\t\t\t<div class=\"elementor-element elementor-element-170f931 elementor-widget__width-initial elementor-widget elementor-widget-text-editor\" data-id=\"170f931\" data-element_type=\"widget\" data-widget_type=\"text-editor.default\">\n\t\t\t\t\t\t\t\t\t<p>Twins digital integrated sensors, SCADA, laboratory and climate <strong data-start=\"142\" data-end=\"165\">replicate the process<\/strong>, simulate scenarios, <strong data-start=\"187\" data-end=\"207\">predict deviations<\/strong> and issue <strong data-start=\"217\" data-end=\"247\">operational recommendations<\/strong> traceable. With this reduced cycle times and energy, elevated concentrations and recovery, prevent sedimentation and lower variability. Deliver real-time visibility, auditing, and governance of data, facilitating riders, scaling stages and <strong data-start=\"514\" data-end=\"533\">measurable impact<\/strong> on KPIs critical to safety, quality and productivity.<\/p>\t\t\t\t\t\t\t\t<\/div>\n\t\t\t\t\t<\/div>\n\t\t\t\t<\/div>\n\t\t<div class=\"elementor-element elementor-element-decec2d e-flex e-con-boxed e-con e-parent\" data-id=\"decec2d\" data-element_type=\"container\" data-settings=\"{&quot;background_background&quot;:&quot;classic&quot;}\">\n\t\t\t\t\t<div class=\"e-con-inner\">\n\t\t<div class=\"elementor-element elementor-element-5a42e7b e-con-full e-flex e-con e-child\" data-id=\"5a42e7b\" data-element_type=\"container\" data-settings=\"{&quot;background_background&quot;:&quot;classic&quot;}\">\n\t\t<div class=\"elementor-element elementor-element-74cb15e e-con-full e-flex e-con e-child\" data-id=\"74cb15e\" data-element_type=\"container\">\n\t\t\t\t<div class=\"elementor-element elementor-element-5d3350e elementor-widget__width-initial elementor-widget elementor-widget-heading\" data-id=\"5d3350e\" data-element_type=\"widget\" data-widget_type=\"heading.default\">\n\t\t\t\t\t<h1 class=\"elementor-heading-title elementor-size-default\">Schedule a meeting<\/h1>\t\t\t\t<\/div>\n\t\t\t\t<div class=\"elementor-element elementor-element-d95847e elementor-widget-divider--view-line elementor-widget elementor-widget-divider\" data-id=\"d95847e\" data-element_type=\"widget\" data-widget_type=\"divider.default\">\n\t\t\t\t\t\t\t<div class=\"elementor-divider\">\n\t\t\t<span class=\"elementor-divider-separator\">\n\t\t\t\t\t\t<\/span>\n\t\t<\/div>\n\t\t\t\t\t\t<\/div>\n\t\t<div class=\"elementor-element elementor-element-33737f6 e-con-full e-flex e-con e-child\" data-id=\"33737f6\" data-element_type=\"container\">\n\t\t\t\t<div class=\"elementor-element elementor-element-1b09b43 elementor-align-left elementor-mobile-align-center elementor-widget elementor-widget-button\" data-id=\"1b09b43\" data-element_type=\"widget\" data-widget_type=\"button.default\">\n\t\t\t\t\t\t\t\t\t\t<a class=\"elementor-button elementor-button-link elementor-size-sm\" href=\"#elementor-action%3Aaction%3Dpopup%3Aopen%26settings%3DeyJpZCI6IjE3MzAiLCJ0b2dnbGUiOmZhbHNlfQ%3D%3D\" target=\"_blank\">\n\t\t\t\t\t\t<span class=\"elementor-button-content-wrapper\">\n\t\t\t\t\t\t\t\t\t<span class=\"elementor-button-text\">SCHEDULE A COUNSELING \u2192<\/span>\n\t\t\t\t\t<\/span>\n\t\t\t\t\t<\/a>\n\t\t\t\t\t\t\t\t<\/div>\n\t\t\t\t<\/div>\n\t\t\t\t<\/div>\n\t\t\t\t<\/div>\n\t\t\t\t\t<\/div>\n\t\t\t\t<\/div>\n\t\t\t\t<\/div>","protected":false},"excerpt":{"rendered":"<p>Gemelos digitales en proceso de litio Gemelos Digitales Un Gemelo Digital con IA optimiza pozas de evaporaci\u00f3n de litio, integrando variables meteorol\u00f3gicas, de salmuera y operacionales. Reduce tiempos, eleva concentraciones y evita sedimentaciones mediante monitoreo en tiempo real, simulaciones de reacci\u00f3n y an\u00e1lisis predictivo. Genera recomendaciones operativas para ajustar par\u00e1metros y maximizar la recuperaci\u00f3n, con [&hellip;]<\/p>","protected":false},"author":1,"featured_media":0,"parent":0,"menu_order":0,"comment_status":"closed","ping_status":"closed","template":"","meta":{"footnotes":""},"class_list":["post-2155","page","type-page","status-publish","hentry"],"_links":{"self":[{"href":"https:\/\/alaya.cl\/en\/wp-json\/wp\/v2\/pages\/2155","targetHints":{"allow":["GET"]}}],"collection":[{"href":"https:\/\/alaya.cl\/en\/wp-json\/wp\/v2\/pages"}],"about":[{"href":"https:\/\/alaya.cl\/en\/wp-json\/wp\/v2\/types\/page"}],"author":[{"embeddable":true,"href":"https:\/\/alaya.cl\/en\/wp-json\/wp\/v2\/users\/1"}],"replies":[{"embeddable":true,"href":"https:\/\/alaya.cl\/en\/wp-json\/wp\/v2\/comments?post=2155"}],"version-history":[{"count":31,"href":"https:\/\/alaya.cl\/en\/wp-json\/wp\/v2\/pages\/2155\/revisions"}],"predecessor-version":[{"id":2211,"href":"https:\/\/alaya.cl\/en\/wp-json\/wp\/v2\/pages\/2155\/revisions\/2211"}],"wp:attachment":[{"href":"https:\/\/alaya.cl\/en\/wp-json\/wp\/v2\/media?parent=2155"}],"curies":[{"name":"wp","href":"https:\/\/api.w.org\/{rel}","templated":true}]}}