{"id":2110,"date":"2025-09-14T20:49:48","date_gmt":"2025-09-14T20:49:48","guid":{"rendered":"https:\/\/alaya.cl\/?page_id=2110"},"modified":"2025-09-15T00:39:20","modified_gmt":"2025-09-15T00:39:20","slug":"trazabilidad-mineral-alaya-mining","status":"publish","type":"page","link":"https:\/\/alaya.cl\/en\/trazabilidad-mineral-alaya-mining\/","title":{"rendered":"Trazabilidad Mineral &#8211; Alaya Mining"},"content":{"rendered":"<div data-elementor-type=\"wp-page\" data-elementor-id=\"2110\" class=\"elementor elementor-2110\" data-elementor-post-type=\"page\">\n\t\t\t\t<div class=\"elementor-element elementor-element-06ec8dd e-flex e-con-boxed e-con e-parent\" data-id=\"06ec8dd\" data-element_type=\"container\" data-settings=\"{&quot;background_background&quot;:&quot;classic&quot;}\">\n\t\t\t\t\t<div class=\"e-con-inner\">\n\t\t<div class=\"elementor-element elementor-element-72339c7 e-con-full e-flex e-con e-child\" data-id=\"72339c7\" data-element_type=\"container\">\n\t\t\t\t<div class=\"elementor-element elementor-element-b00e418 elementor-widget elementor-widget-heading\" data-id=\"b00e418\" data-element_type=\"widget\" data-widget_type=\"heading.default\">\n\t\t\t\t\t<h2 class=\"elementor-heading-title elementor-size-default\">Optimization Comprehensive Traceability Mineral<\/h2>\t\t\t\t<\/div>\n\t\t\t\t<div class=\"elementor-element elementor-element-8e3f729 elementor-widget__width-initial elementor-widget elementor-widget-heading\" data-id=\"8e3f729\" data-element_type=\"widget\" data-widget_type=\"heading.default\">\n\t\t\t\t\t<h1 class=\"elementor-heading-title elementor-size-default\">Traceability Mineral<\/h1>\t\t\t\t<\/div>\n\t\t\t\t<div class=\"elementor-element elementor-element-50da6cd elementor-widget-divider--view-line elementor-widget elementor-widget-divider\" data-id=\"50da6cd\" data-element_type=\"widget\" data-widget_type=\"divider.default\">\n\t\t\t\t\t\t\t<div class=\"elementor-divider\">\n\t\t\t<span class=\"elementor-divider-separator\">\n\t\t\t\t\t\t<\/span>\n\t\t<\/div>\n\t\t\t\t\t\t<\/div>\n\t\t\t\t<div class=\"elementor-element elementor-element-b9943ac elementor-widget__width-initial elementor-widget elementor-widget-text-editor\" data-id=\"b9943ac\" data-element_type=\"widget\" data-widget_type=\"text-editor.default\">\n\t\t\t\t\t\t\t\t\t<p data-start=\"892\" data-end=\"1256\">Solution of advanced analytical modeling of the mineral from the point of extraction to plant\/hydrometallurgy to reduce variability, optimize mixing and supplies and to raise the global recovery. Integrates operational data and laboratory to deliver <strong data-start=\"1163\" data-end=\"1182\">recommendations<\/strong> and <strong data-start=\"1185\" data-end=\"1196\">alerts<\/strong> to align the plan geometal\u00fargico with the daily execution.<\/p><p><!-- notionvc: 7c764ece-9009-4956-aa76-8a167861c2d5 --><\/p>\t\t\t\t\t\t\t\t<\/div>\n\t\t\t\t<div class=\"elementor-element elementor-element-cde1484 elementor-align-left elementor-mobile-align-center elementor-widget elementor-widget-button\" data-id=\"cde1484\" data-element_type=\"widget\" data-widget_type=\"button.default\">\n\t\t\t\t\t\t\t\t\t\t<a class=\"elementor-button elementor-button-link elementor-size-sm\" href=\"#elementor-action%3Aaction%3Dpopup%3Aopen%26settings%3DeyJpZCI6IjE3MzAiLCJ0b2dnbGUiOmZhbHNlfQ%3D%3D\" target=\"_blank\">\n\t\t\t\t\t\t<span class=\"elementor-button-content-wrapper\">\n\t\t\t\t\t\t\t\t\t<span class=\"elementor-button-text\">Let's TALK \u2192<\/span>\n\t\t\t\t\t<\/span>\n\t\t\t\t\t<\/a>\n\t\t\t\t\t\t\t\t<\/div>\n\t\t\t\t<\/div>\n\t\t\t\t\t<\/div>\n\t\t\t\t<\/div>\n\t\t<div class=\"elementor-element elementor-element-dc83dbe e-flex e-con-boxed e-con e-parent\" data-id=\"dc83dbe\" data-element_type=\"container\">\n\t\t\t\t\t<div class=\"e-con-inner\">\n\t\t\t\t<div class=\"elementor-element elementor-element-a5a032a elementor-widget elementor-widget-heading\" data-id=\"a5a032a\" data-element_type=\"widget\" data-widget_type=\"heading.default\">\n\t\t\t\t\t<h2 class=\"elementor-heading-title elementor-size-default\">Problem it solves<\/h2>\t\t\t\t<\/div>\n\t\t\t\t<div class=\"elementor-element elementor-element-7984d43 elementor-icon-list--layout-traditional elementor-list-item-link-full_width elementor-widget elementor-widget-icon-list\" data-id=\"7984d43\" data-element_type=\"widget\" data-widget_type=\"icon-list.default\">\n\t\t\t\t\t\t\t<ul class=\"elementor-icon-list-items\">\n\t\t\t\t\t\t\t<li class=\"elementor-icon-list-item\">\n\t\t\t\t\t\t\t\t\t\t\t<span class=\"elementor-icon-list-icon\">\n\t\t\t\t\t\t\t<svg aria-hidden=\"true\" class=\"e-font-icon-svg e-fas-check\" viewbox=\"0 0 512 512\" xmlns=\"http:\/\/www.w3.org\/2000\/svg\"><path d=\"M173.898 439.404l-166.4-166.4c-9.997-9.997-9.997-26.206 0-36.204l36.203-36.204c9.997-9.998 26.207-9.998 36.204 0L192 312.69 432.095 72.596c9.997-9.997 26.207-9.997 36.204 0l36.203 36.204c9.997 9.997 9.997 26.206 0 36.204l-294.4 294.401c-9.998 9.997-26.207 9.997-36.204-.001z\"><\/path><\/svg>\t\t\t\t\t\t<\/span>\n\t\t\t\t\t\t\t\t\t\t<span class=\"elementor-icon-list-text\">Variability mineral that affects TPH, energy consumption and quality.<\/span>\n\t\t\t\t\t\t\t\t\t<\/li>\n\t\t\t\t\t\t\t\t<li class=\"elementor-icon-list-item\">\n\t\t\t\t\t\t\t\t\t\t\t<span class=\"elementor-icon-list-icon\">\n\t\t\t\t\t\t\t<svg aria-hidden=\"true\" class=\"e-font-icon-svg e-fas-check\" viewbox=\"0 0 512 512\" xmlns=\"http:\/\/www.w3.org\/2000\/svg\"><path d=\"M173.898 439.404l-166.4-166.4c-9.997-9.997-9.997-26.206 0-36.204l36.203-36.204c9.997-9.998 26.207-9.998 36.204 0L192 312.69 432.095 72.596c9.997-9.997 26.207-9.997 36.204 0l36.203 36.204c9.997 9.997 9.997 26.206 0 36.204l-294.4 294.401c-9.998 9.997-26.207 9.997-36.204-.001z\"><\/path><\/svg>\t\t\t\t\t\t<\/span>\n\t\t\t\t\t\t\t\t\t\t<span class=\"elementor-icon-list-text\">Mixtures of sub-optimal and over\/under-dosing of inputs.<\/span>\n\t\t\t\t\t\t\t\t\t<\/li>\n\t\t\t\t\t\t\t\t<li class=\"elementor-icon-list-item\">\n\t\t\t\t\t\t\t\t\t\t\t<span class=\"elementor-icon-list-icon\">\n\t\t\t\t\t\t\t<svg aria-hidden=\"true\" class=\"e-font-icon-svg e-fas-check\" viewbox=\"0 0 512 512\" xmlns=\"http:\/\/www.w3.org\/2000\/svg\"><path d=\"M173.898 439.404l-166.4-166.4c-9.997-9.997-9.997-26.206 0-36.204l36.203-36.204c9.997-9.998 26.207-9.998 36.204 0L192 312.69 432.095 72.596c9.997-9.997 26.207-9.997 36.204 0l36.203 36.204c9.997 9.997 9.997 26.206 0 36.204l-294.4 294.401c-9.998 9.997-26.207 9.997-36.204-.001z\"><\/path><\/svg>\t\t\t\t\t\t<\/span>\n\t\t\t\t\t\t\t\t\t\t<span class=\"elementor-icon-list-text\">Lack of visibility of the \u201cvoyage of the mineral\u201d and its downstream impact.<\/span>\n\t\t\t\t\t\t\t\t\t<\/li>\n\t\t\t\t\t\t\t\t<li class=\"elementor-icon-list-item\">\n\t\t\t\t\t\t\t\t\t\t\t<span class=\"elementor-icon-list-icon\">\n\t\t\t\t\t\t\t<svg aria-hidden=\"true\" class=\"e-font-icon-svg e-fas-check\" viewbox=\"0 0 512 512\" xmlns=\"http:\/\/www.w3.org\/2000\/svg\"><path d=\"M173.898 439.404l-166.4-166.4c-9.997-9.997-9.997-26.206 0-36.204l36.203-36.204c9.997-9.998 26.207-9.998 36.204 0L192 312.69 432.095 72.596c9.997-9.997 26.207-9.997 36.204 0l36.203 36.204c9.997 9.997 9.997 26.206 0 36.204l-294.4 294.401c-9.998 9.997-26.207 9.997-36.204-.001z\"><\/path><\/svg>\t\t\t\t\t\t<\/span>\n\t\t\t\t\t\t\t\t\t\t<span class=\"elementor-icon-list-text\">Difficulty to adjust the plan when changing real-world conditions.<\/span>\n\t\t\t\t\t\t\t\t\t<\/li>\n\t\t\t\t\t\t<\/ul>\n\t\t\t\t\t\t<\/div>\n\t\t\t\t\t<\/div>\n\t\t\t\t<\/div>\n\t\t<div class=\"elementor-element elementor-element-5c71feb e-flex e-con-boxed e-con e-parent\" data-id=\"5c71feb\" data-element_type=\"container\" data-settings=\"{&quot;background_background&quot;:&quot;classic&quot;}\">\n\t\t\t\t\t<div class=\"e-con-inner\">\n\t\t<div class=\"elementor-element elementor-element-4b653dc e-con-full e-flex e-con e-child\" data-id=\"4b653dc\" data-element_type=\"container\">\n\t\t\t\t<div class=\"elementor-element elementor-element-c2d8bfa elementor-widget elementor-widget-image\" data-id=\"c2d8bfa\" data-element_type=\"widget\" data-widget_type=\"image.default\">\n\t\t\t\t\t\t\t\t\t\t\t\t\t\t\t<img fetchpriority=\"high\" decoding=\"async\" width=\"800\" height=\"709\" src=\"https:\/\/alaya.cl\/wp-content\/uploads\/2025\/09\/Screenshot-2025-09-14-at-6.11.33-PM-1024x907.png\" class=\"attachment-large size-large wp-image-2113\" alt=\"\" srcset=\"https:\/\/alaya.cl\/wp-content\/uploads\/2025\/09\/Screenshot-2025-09-14-at-6.11.33-PM-1024x907.png 1024w, https:\/\/alaya.cl\/wp-content\/uploads\/2025\/09\/Screenshot-2025-09-14-at-6.11.33-PM-300x266.png 300w, https:\/\/alaya.cl\/wp-content\/uploads\/2025\/09\/Screenshot-2025-09-14-at-6.11.33-PM-768x680.png 768w, https:\/\/alaya.cl\/wp-content\/uploads\/2025\/09\/Screenshot-2025-09-14-at-6.11.33-PM-1536x1361.png 1536w, https:\/\/alaya.cl\/wp-content\/uploads\/2025\/09\/Screenshot-2025-09-14-at-6.11.33-PM.png 1558w\" sizes=\"(max-width: 800px) 100vw, 800px\" \/>\t\t\t\t\t\t\t\t\t\t\t\t\t\t\t<\/div>\n\t\t\t\t<\/div>\n\t\t\t\t<div class=\"elementor-element elementor-element-c8c0b99 elementor-align-center elementor-mobile-align-center elementor-widget elementor-widget-button\" data-id=\"c8c0b99\" data-element_type=\"widget\" data-widget_type=\"button.default\">\n\t\t\t\t\t\t\t\t\t\t<a class=\"elementor-button elementor-button-link elementor-size-sm\" href=\"#elementor-action%3Aaction%3Dpopup%3Aopen%26settings%3DeyJpZCI6IjE3MzAiLCJ0b2dnbGUiOmZhbHNlfQ%3D%3D\" target=\"_blank\">\n\t\t\t\t\t\t<span class=\"elementor-button-content-wrapper\">\n\t\t\t\t\t\t\t\t\t<span class=\"elementor-button-text\">SCHEDULE A MEETING \u2192<\/span>\n\t\t\t\t\t<\/span>\n\t\t\t\t\t<\/a>\n\t\t\t\t\t\t\t\t<\/div>\n\t\t\t\t\t<\/div>\n\t\t\t\t<\/div>\n\t\t<div class=\"elementor-element elementor-element-14450e7 e-flex e-con-boxed e-con e-parent\" data-id=\"14450e7\" data-element_type=\"container\">\n\t\t\t\t\t<div class=\"e-con-inner\">\n\t\t\t\t<div class=\"elementor-element elementor-element-3ad3878 elementor-widget elementor-widget-heading\" data-id=\"3ad3878\" data-element_type=\"widget\" data-widget_type=\"heading.default\">\n\t\t\t\t\t<h2 class=\"elementor-heading-title elementor-size-default\">Expected impact (KPIs)<\/h2>\t\t\t\t<\/div>\n\t\t\t\t<div class=\"elementor-element elementor-element-5d5ef51 elementor-widget__width-initial elementor-widget elementor-widget-text-editor\" data-id=\"5d5ef51\" data-element_type=\"widget\" data-widget_type=\"text-editor.default\">\n\t\t\t\t\t\t\t\t\t<p>The traceability mineral reduces the variability and losses, anticipated attributes geometal\u00fargicos from mine to hydrometallurgy (mass balance, and residence times), optimizes the mixture and the use of inputs, lift the TPH in grinding and the stability of the process, improves the Cu% in PLS, and the global recovery, and delivery monitoring and newsgathering with alerts to adjust the operating plan in real-time.<\/p>\t\t\t\t\t\t\t\t<\/div>\n\t\t\t\t\t<\/div>\n\t\t\t\t<\/div>\n\t\t<div class=\"elementor-element elementor-element-decec2d e-flex e-con-boxed e-con e-parent\" data-id=\"decec2d\" data-element_type=\"container\" data-settings=\"{&quot;background_background&quot;:&quot;classic&quot;}\">\n\t\t\t\t\t<div class=\"e-con-inner\">\n\t\t<div class=\"elementor-element elementor-element-5a42e7b e-con-full e-flex e-con e-child\" data-id=\"5a42e7b\" data-element_type=\"container\" data-settings=\"{&quot;background_background&quot;:&quot;classic&quot;}\">\n\t\t<div class=\"elementor-element elementor-element-74cb15e e-con-full e-flex e-con e-child\" data-id=\"74cb15e\" data-element_type=\"container\">\n\t\t\t\t<div class=\"elementor-element elementor-element-5d3350e elementor-widget__width-initial elementor-widget elementor-widget-heading\" data-id=\"5d3350e\" data-element_type=\"widget\" data-widget_type=\"heading.default\">\n\t\t\t\t\t<h1 class=\"elementor-heading-title elementor-size-default\">Schedule a meeting<\/h1>\t\t\t\t<\/div>\n\t\t\t\t<div class=\"elementor-element elementor-element-d95847e elementor-widget-divider--view-line elementor-widget elementor-widget-divider\" data-id=\"d95847e\" data-element_type=\"widget\" data-widget_type=\"divider.default\">\n\t\t\t\t\t\t\t<div class=\"elementor-divider\">\n\t\t\t<span class=\"elementor-divider-separator\">\n\t\t\t\t\t\t<\/span>\n\t\t<\/div>\n\t\t\t\t\t\t<\/div>\n\t\t<div class=\"elementor-element elementor-element-33737f6 e-con-full e-flex e-con e-child\" data-id=\"33737f6\" data-element_type=\"container\">\n\t\t\t\t<div class=\"elementor-element elementor-element-1b09b43 elementor-align-left elementor-mobile-align-center elementor-widget elementor-widget-button\" data-id=\"1b09b43\" data-element_type=\"widget\" data-widget_type=\"button.default\">\n\t\t\t\t\t\t\t\t\t\t<a class=\"elementor-button elementor-button-link elementor-size-sm\" href=\"#elementor-action%3Aaction%3Dpopup%3Aopen%26settings%3DeyJpZCI6IjE3MzAiLCJ0b2dnbGUiOmZhbHNlfQ%3D%3D\" target=\"_blank\">\n\t\t\t\t\t\t<span class=\"elementor-button-content-wrapper\">\n\t\t\t\t\t\t\t\t\t<span class=\"elementor-button-text\">SCHEDULE A COUNSELING \u2192<\/span>\n\t\t\t\t\t<\/span>\n\t\t\t\t\t<\/a>\n\t\t\t\t\t\t\t\t<\/div>\n\t\t\t\t<\/div>\n\t\t\t\t<\/div>\n\t\t\t\t<\/div>\n\t\t\t\t\t<\/div>\n\t\t\t\t<\/div>\n\t\t\t\t<\/div>","protected":false},"excerpt":{"rendered":"<p>Optimizaci\u00f3n Integral de Trazabilidad Mineral Trazabilidad Mineral Soluci\u00f3n de anal\u00edtica avanzada que modela el mineral desde el punto de extracci\u00f3n hasta planta\/hidrometalurgia para reducir variabilidad, optimizar mezcla e insumos y elevar la recuperaci\u00f3n global. Integra datos operacionales y de laboratorio para entregar recomendaciones y alertas que alinean el plan geometal\u00fargico con la ejecuci\u00f3n diaria. HABLEMOS [&hellip;]<\/p>","protected":false},"author":1,"featured_media":0,"parent":0,"menu_order":0,"comment_status":"closed","ping_status":"closed","template":"","meta":{"footnotes":""},"class_list":["post-2110","page","type-page","status-publish","hentry"],"_links":{"self":[{"href":"https:\/\/alaya.cl\/en\/wp-json\/wp\/v2\/pages\/2110","targetHints":{"allow":["GET"]}}],"collection":[{"href":"https:\/\/alaya.cl\/en\/wp-json\/wp\/v2\/pages"}],"about":[{"href":"https:\/\/alaya.cl\/en\/wp-json\/wp\/v2\/types\/page"}],"author":[{"embeddable":true,"href":"https:\/\/alaya.cl\/en\/wp-json\/wp\/v2\/users\/1"}],"replies":[{"embeddable":true,"href":"https:\/\/alaya.cl\/en\/wp-json\/wp\/v2\/comments?post=2110"}],"version-history":[{"count":16,"href":"https:\/\/alaya.cl\/en\/wp-json\/wp\/v2\/pages\/2110\/revisions"}],"predecessor-version":[{"id":2144,"href":"https:\/\/alaya.cl\/en\/wp-json\/wp\/v2\/pages\/2110\/revisions\/2144"}],"wp:attachment":[{"href":"https:\/\/alaya.cl\/en\/wp-json\/wp\/v2\/media?parent=2110"}],"curies":[{"name":"wp","href":"https:\/\/api.w.org\/{rel}","templated":true}]}}