{"id":2062,"date":"2025-09-14T20:13:14","date_gmt":"2025-09-14T20:13:14","guid":{"rendered":"https:\/\/alaya.cl\/?page_id=2062"},"modified":"2025-10-10T18:25:16","modified_gmt":"2025-10-10T18:25:16","slug":"triia-alaya-mining","status":"publish","type":"page","link":"https:\/\/alaya.cl\/en\/triia-alaya-mining\/","title":{"rendered":"TRIIA &#8211; Alaya Mining"},"content":{"rendered":"<div data-elementor-type=\"wp-page\" data-elementor-id=\"2062\" class=\"elementor elementor-2062\" data-elementor-post-type=\"page\">\n\t\t\t\t<div class=\"elementor-element elementor-element-06ec8dd e-flex e-con-boxed e-con e-parent\" data-id=\"06ec8dd\" data-element_type=\"container\" data-settings=\"{&quot;background_background&quot;:&quot;classic&quot;}\">\n\t\t\t\t\t<div class=\"e-con-inner\">\n\t\t<div class=\"elementor-element elementor-element-72339c7 e-con-full e-flex e-con e-child\" data-id=\"72339c7\" data-element_type=\"container\">\n\t\t\t\t<div class=\"elementor-element elementor-element-b00e418 elementor-widget elementor-widget-heading\" data-id=\"b00e418\" data-element_type=\"widget\" data-widget_type=\"heading.default\">\n\t\t\t\t\t<h2 class=\"elementor-heading-title elementor-size-default\">TANKS OF TAILINGS SMART WITH AI<\/h2>\t\t\t\t<\/div>\n\t\t\t\t<div class=\"elementor-element elementor-element-8e3f729 elementor-widget__width-initial elementor-widget elementor-widget-heading\" data-id=\"8e3f729\" data-element_type=\"widget\" data-widget_type=\"heading.default\">\n\t\t\t\t\t<h1 class=\"elementor-heading-title elementor-size-default\">TRIIA<\/h1>\t\t\t\t<\/div>\n\t\t\t\t<div class=\"elementor-element elementor-element-50da6cd elementor-widget-divider--view-line elementor-widget elementor-widget-divider\" data-id=\"50da6cd\" data-element_type=\"widget\" data-widget_type=\"divider.default\">\n\t\t\t\t\t\t\t<div class=\"elementor-divider\">\n\t\t\t<span class=\"elementor-divider-separator\">\n\t\t\t\t\t\t<\/span>\n\t\t<\/div>\n\t\t\t\t\t\t<\/div>\n\t\t\t\t<div class=\"elementor-element elementor-element-b9943ac elementor-widget__width-initial elementor-widget elementor-widget-text-editor\" data-id=\"b9943ac\" data-element_type=\"widget\" data-widget_type=\"text-editor.default\">\n\t\t\t\t\t\t\t\t\t<p>Our Digital Twin of the Tailings Dam, allows to optimize the management of the bucket, and improve decision making to the dynamics of the operation of the deposit, the implementation of infrastructure projects (changes and relocations), and the optimal management of water resources.<\/p><p><!-- notionvc: 7c764ece-9009-4956-aa76-8a167861c2d5 --><\/p>\t\t\t\t\t\t\t\t<\/div>\n\t\t\t\t<div class=\"elementor-element elementor-element-cde1484 elementor-align-left elementor-mobile-align-center elementor-widget elementor-widget-button\" data-id=\"cde1484\" data-element_type=\"widget\" data-widget_type=\"button.default\">\n\t\t\t\t\t\t\t\t\t\t<a class=\"elementor-button elementor-button-link elementor-size-sm\" href=\"#elementor-action%3Aaction%3Dpopup%3Aopen%26settings%3DeyJpZCI6IjE3MzAiLCJ0b2dnbGUiOmZhbHNlfQ%3D%3D\" target=\"_blank\">\n\t\t\t\t\t\t<span class=\"elementor-button-content-wrapper\">\n\t\t\t\t\t\t\t\t\t<span class=\"elementor-button-text\">Let's TALK \u2192<\/span>\n\t\t\t\t\t<\/span>\n\t\t\t\t\t<\/a>\n\t\t\t\t\t\t\t\t<\/div>\n\t\t\t\t<\/div>\n\t\t\t\t\t<\/div>\n\t\t\t\t<\/div>\n\t\t<div class=\"elementor-element elementor-element-dc83dbe e-flex e-con-boxed e-con e-parent\" data-id=\"dc83dbe\" data-element_type=\"container\">\n\t\t\t\t\t<div class=\"e-con-inner\">\n\t\t\t\t<div class=\"elementor-element elementor-element-a5a032a elementor-widget elementor-widget-heading\" data-id=\"a5a032a\" data-element_type=\"widget\" data-widget_type=\"heading.default\">\n\t\t\t\t\t<h2 class=\"elementor-heading-title elementor-size-default\">Tool operational excellence<\/h2>\t\t\t\t<\/div>\n\t\t\t\t<div class=\"elementor-element elementor-element-473174b elementor-widget__width-initial elementor-widget elementor-widget-text-editor\" data-id=\"473174b\" data-element_type=\"widget\" data-widget_type=\"text-editor.default\">\n\t\t\t\t\t\t\t\t\t<p>Take advantage of best existing assets, promoting, among others, the recovery of water and the space available. Only by considering the higher water recovery model allows you to\u00a0<b>higher returns<\/b>\u00a0with\u00a0<b>paybacks short, even shorter than a year.<\/b><\/p>\t\t\t\t\t\t\t\t<\/div>\n\t\t\t\t\t<\/div>\n\t\t\t\t<\/div>\n\t\t<div class=\"elementor-element elementor-element-c7daa36 e-grid e-con-boxed e-con e-parent\" data-id=\"c7daa36\" data-element_type=\"container\">\n\t\t\t\t\t<div class=\"e-con-inner\">\n\t\t<div class=\"elementor-element elementor-element-2a2f703 e-con-full e-flex e-con e-child\" data-id=\"2a2f703\" data-element_type=\"container\" data-settings=\"{&quot;background_background&quot;:&quot;classic&quot;}\">\n\t\t\t\t<div class=\"elementor-element elementor-element-c5d4472 elementor-widget elementor-widget-image\" data-id=\"c5d4472\" data-element_type=\"widget\" data-widget_type=\"image.default\">\n\t\t\t\t\t\t\t\t\t\t\t\t\t\t\t<img decoding=\"async\" src=\"https:\/\/alaya.cl\/wp-content\/uploads\/2025\/09\/Pasted-Graphic-2.png\" title=\"Pasted Graphic 2\" alt=\"Pasted Graphic 2\" loading=\"lazy\" \/>\t\t\t\t\t\t\t\t\t\t\t\t\t\t\t<\/div>\n\t\t\t\t<div class=\"elementor-element elementor-element-23008b1 elementor-widget elementor-widget-heading\" data-id=\"23008b1\" data-element_type=\"widget\" data-widget_type=\"heading.default\">\n\t\t\t\t\t<h3 class=\"elementor-heading-title elementor-size-default\">TOPOGRAPHIES DIGITAL CONTINUOUS<\/h3>\t\t\t\t<\/div>\n\t\t\t\t<div class=\"elementor-element elementor-element-c22992b elementor-widget elementor-widget-text-editor\" data-id=\"c22992b\" data-element_type=\"widget\" data-widget_type=\"text-editor.default\">\n\t\t\t\t\t\t\t\t\t<p>Increases the quantity and recuencia topographic information in a digital way<\/p>\t\t\t\t\t\t\t\t<\/div>\n\t\t\t\t<div class=\"elementor-element elementor-element-ebe6dba elementor-widget-divider--view-line elementor-widget elementor-widget-divider\" data-id=\"ebe6dba\" data-element_type=\"widget\" data-widget_type=\"divider.default\">\n\t\t\t\t\t\t\t<div class=\"elementor-divider\">\n\t\t\t<span class=\"elementor-divider-separator\">\n\t\t\t\t\t\t<\/span>\n\t\t<\/div>\n\t\t\t\t\t\t<\/div>\n\t\t\t\t<div class=\"elementor-element elementor-element-bdbb1de elementor-widget elementor-widget-heading\" data-id=\"bdbb1de\" data-element_type=\"widget\" data-widget_type=\"heading.default\">\n\t\t\t\t\t<h4 class=\"elementor-heading-title elementor-size-default\">Allows the continuous optimisation of the areas of deposition<\/h4>\t\t\t\t<\/div>\n\t\t\t\t<\/div>\n\t\t<div class=\"elementor-element elementor-element-e2c5d6e e-con-full e-flex e-con e-child\" data-id=\"e2c5d6e\" data-element_type=\"container\" data-settings=\"{&quot;background_background&quot;:&quot;classic&quot;}\">\n\t\t\t\t<div class=\"elementor-element elementor-element-3216e57 elementor-widget elementor-widget-image\" data-id=\"3216e57\" data-element_type=\"widget\" data-widget_type=\"image.default\">\n\t\t\t\t\t\t\t\t\t\t\t\t\t\t\t<img fetchpriority=\"high\" decoding=\"async\" width=\"476\" height=\"397\" src=\"https:\/\/alaya.cl\/wp-content\/uploads\/2025\/09\/Pasted-Graphic-3.png\" class=\"attachment-large size-large wp-image-2027\" alt=\"\" srcset=\"https:\/\/alaya.cl\/wp-content\/uploads\/2025\/09\/Pasted-Graphic-3.png 476w, https:\/\/alaya.cl\/wp-content\/uploads\/2025\/09\/Pasted-Graphic-3-300x250.png 300w\" sizes=\"(max-width: 476px) 100vw, 476px\" \/>\t\t\t\t\t\t\t\t\t\t\t\t\t\t\t<\/div>\n\t\t\t\t<div class=\"elementor-element elementor-element-2ec119f elementor-widget elementor-widget-heading\" data-id=\"2ec119f\" data-element_type=\"widget\" data-widget_type=\"heading.default\">\n\t\t\t\t\t<h3 class=\"elementor-heading-title elementor-size-default\">DEPOSITIONAL DYNAMICS<\/h3>\t\t\t\t<\/div>\n\t\t\t\t<div class=\"elementor-element elementor-element-69b874e elementor-widget elementor-widget-text-editor\" data-id=\"69b874e\" data-element_type=\"widget\" data-widget_type=\"text-editor.default\">\n\t\t\t\t\t\t\t\t\t<p>Online solution that allows the optimal use of the tailings, with recommendations depositional turn by turn<\/p>\t\t\t\t\t\t\t\t<\/div>\n\t\t\t\t<div class=\"elementor-element elementor-element-5188a82 elementor-widget-divider--view-line elementor-widget elementor-widget-divider\" data-id=\"5188a82\" data-element_type=\"widget\" data-widget_type=\"divider.default\">\n\t\t\t\t\t\t\t<div class=\"elementor-divider\">\n\t\t\t<span class=\"elementor-divider-separator\">\n\t\t\t\t\t\t<\/span>\n\t\t<\/div>\n\t\t\t\t\t\t<\/div>\n\t\t\t\t<div class=\"elementor-element elementor-element-f0a2079 elementor-widget elementor-widget-heading\" data-id=\"f0a2079\" data-element_type=\"widget\" data-widget_type=\"heading.default\">\n\t\t\t\t\t<h4 class=\"elementor-heading-title elementor-size-default\">Greater efficiency in the filling of the dam and water recovery<\/h4>\t\t\t\t<\/div>\n\t\t\t\t<\/div>\n\t\t<div class=\"elementor-element elementor-element-8e116ed e-con-full e-flex e-con e-child\" data-id=\"8e116ed\" data-element_type=\"container\" data-settings=\"{&quot;background_background&quot;:&quot;classic&quot;}\">\n\t\t\t\t<div class=\"elementor-element elementor-element-ddaf327 elementor-widget elementor-widget-image\" data-id=\"ddaf327\" data-element_type=\"widget\" data-widget_type=\"image.default\">\n\t\t\t\t\t\t\t\t\t\t\t\t\t\t\t<img decoding=\"async\" width=\"614\" height=\"512\" src=\"https:\/\/alaya.cl\/wp-content\/uploads\/2025\/09\/Pasted-Graphic-4.png\" class=\"attachment-large size-large wp-image-2028\" alt=\"\" srcset=\"https:\/\/alaya.cl\/wp-content\/uploads\/2025\/09\/Pasted-Graphic-4.png 614w, https:\/\/alaya.cl\/wp-content\/uploads\/2025\/09\/Pasted-Graphic-4-300x250.png 300w\" sizes=\"(max-width: 614px) 100vw, 614px\" \/>\t\t\t\t\t\t\t\t\t\t\t\t\t\t\t<\/div>\n\t\t\t\t<div class=\"elementor-element elementor-element-0e8a84b elementor-widget elementor-widget-heading\" data-id=\"0e8a84b\" data-element_type=\"widget\" data-widget_type=\"heading.default\">\n\t\t\t\t\t<h3 class=\"elementor-heading-title elementor-size-default\">GEOMETRIC CONTROL<\/h3>\t\t\t\t<\/div>\n\t\t\t\t<div class=\"elementor-element elementor-element-0ac28fb elementor-widget elementor-widget-text-editor\" data-id=\"0ac28fb\" data-element_type=\"widget\" data-widget_type=\"text-editor.default\">\n\t\t\t\t\t\t\t\t\t<p>Anticipates potential deviations to the geometric design of the tank, which may compromise its stability<\/p>\t\t\t\t\t\t\t\t<\/div>\n\t\t\t\t<div class=\"elementor-element elementor-element-0212b20 elementor-widget-divider--view-line elementor-widget elementor-widget-divider\" data-id=\"0212b20\" data-element_type=\"widget\" data-widget_type=\"divider.default\">\n\t\t\t\t\t\t\t<div class=\"elementor-divider\">\n\t\t\t<span class=\"elementor-divider-separator\">\n\t\t\t\t\t\t<\/span>\n\t\t<\/div>\n\t\t\t\t\t\t<\/div>\n\t\t\t\t<div class=\"elementor-element elementor-element-dffff1a elementor-widget elementor-widget-heading\" data-id=\"dffff1a\" data-element_type=\"widget\" data-widget_type=\"heading.default\">\n\t\t\t\t\t<h4 class=\"elementor-heading-title elementor-size-default\">Reduction of socio-environmental risk and regulatory<\/h4>\t\t\t\t<\/div>\n\t\t\t\t<\/div>\n\t\t<div class=\"elementor-element elementor-element-0bd6682 e-con-full e-flex e-con e-child\" data-id=\"0bd6682\" data-element_type=\"container\" data-settings=\"{&quot;background_background&quot;:&quot;classic&quot;}\">\n\t\t\t\t<div class=\"elementor-element elementor-element-609a692 elementor-widget elementor-widget-image\" data-id=\"609a692\" data-element_type=\"widget\" data-widget_type=\"image.default\">\n\t\t\t\t\t\t\t\t\t\t\t\t\t\t\t<img decoding=\"async\" width=\"625\" height=\"520\" src=\"https:\/\/alaya.cl\/wp-content\/uploads\/2025\/09\/Pasted-Graphic-5.png\" class=\"attachment-large size-large wp-image-2029\" alt=\"\" srcset=\"https:\/\/alaya.cl\/wp-content\/uploads\/2025\/09\/Pasted-Graphic-5.png 625w, https:\/\/alaya.cl\/wp-content\/uploads\/2025\/09\/Pasted-Graphic-5-300x250.png 300w\" sizes=\"(max-width: 625px) 100vw, 625px\" \/>\t\t\t\t\t\t\t\t\t\t\t\t\t\t\t<\/div>\n\t\t\t\t<div class=\"elementor-element elementor-element-0d1a44c elementor-widget elementor-widget-heading\" data-id=\"0d1a44c\" data-element_type=\"widget\" data-widget_type=\"heading.default\">\n\t\t\t\t\t<h3 class=\"elementor-heading-title elementor-size-default\">PREDICTIVE ALERTS<\/h3>\t\t\t\t<\/div>\n\t\t\t\t<div class=\"elementor-element elementor-element-f76a453 elementor-widget elementor-widget-text-editor\" data-id=\"f76a453\" data-element_type=\"widget\" data-widget_type=\"text-editor.default\">\n\t\t\t\t\t\t\t\t\t<p>Monitoring of the growth of the deposit and its impact on the infrastructure associated with<\/p>\t\t\t\t\t\t\t\t<\/div>\n\t\t\t\t<div class=\"elementor-element elementor-element-d402f58 elementor-widget-divider--view-line elementor-widget elementor-widget-divider\" data-id=\"d402f58\" data-element_type=\"widget\" data-widget_type=\"divider.default\">\n\t\t\t\t\t\t\t<div class=\"elementor-divider\">\n\t\t\t<span class=\"elementor-divider-separator\">\n\t\t\t\t\t\t<\/span>\n\t\t<\/div>\n\t\t\t\t\t\t<\/div>\n\t\t\t\t<div class=\"elementor-element elementor-element-019d30d elementor-widget elementor-widget-heading\" data-id=\"019d30d\" data-element_type=\"widget\" data-widget_type=\"heading.default\">\n\t\t\t\t\t<h4 class=\"elementor-heading-title elementor-size-default\">Reduction of the risk of loss or relocation of infrastructure<\/h4>\t\t\t\t<\/div>\n\t\t\t\t<\/div>\n\t\t<div class=\"elementor-element elementor-element-00bc3da e-con-full e-flex e-con e-child\" data-id=\"00bc3da\" data-element_type=\"container\" data-settings=\"{&quot;background_background&quot;:&quot;classic&quot;}\">\n\t\t\t\t<div class=\"elementor-element elementor-element-b827f67 elementor-widget elementor-widget-image\" data-id=\"b827f67\" data-element_type=\"widget\" data-widget_type=\"image.default\">\n\t\t\t\t\t\t\t\t\t\t\t\t\t\t\t<img loading=\"lazy\" decoding=\"async\" width=\"584\" height=\"486\" src=\"https:\/\/alaya.cl\/wp-content\/uploads\/2025\/09\/Pasted-Graphic-6.png\" class=\"attachment-large size-large wp-image-2030\" alt=\"\" srcset=\"https:\/\/alaya.cl\/wp-content\/uploads\/2025\/09\/Pasted-Graphic-6.png 584w, https:\/\/alaya.cl\/wp-content\/uploads\/2025\/09\/Pasted-Graphic-6-300x250.png 300w\" sizes=\"(max-width: 584px) 100vw, 584px\" \/>\t\t\t\t\t\t\t\t\t\t\t\t\t\t\t<\/div>\n\t\t\t\t<div class=\"elementor-element elementor-element-b26c241 elementor-widget elementor-widget-heading\" data-id=\"b26c241\" data-element_type=\"widget\" data-widget_type=\"heading.default\">\n\t\t\t\t\t<h3 class=\"elementor-heading-title elementor-size-default\">OPTIMIZATION WATER<\/h3>\t\t\t\t<\/div>\n\t\t\t\t<div class=\"elementor-element elementor-element-a965bb4 elementor-widget elementor-widget-text-editor\" data-id=\"a965bb4\" data-element_type=\"widget\" data-widget_type=\"text-editor.default\">\n\t\t\t\t\t\t\t\t\t<p>Improving the distribution of water in the reception of tailings, together with minimize water loss<\/p>\t\t\t\t\t\t\t\t<\/div>\n\t\t\t\t<div class=\"elementor-element elementor-element-b3a7055 elementor-widget-divider--view-line elementor-widget elementor-widget-divider\" data-id=\"b3a7055\" data-element_type=\"widget\" data-widget_type=\"divider.default\">\n\t\t\t\t\t\t\t<div class=\"elementor-divider\">\n\t\t\t<span class=\"elementor-divider-separator\">\n\t\t\t\t\t\t<\/span>\n\t\t<\/div>\n\t\t\t\t\t\t<\/div>\n\t\t\t\t<div class=\"elementor-element elementor-element-7614fed elementor-widget elementor-widget-heading\" data-id=\"7614fed\" data-element_type=\"widget\" data-widget_type=\"heading.default\">\n\t\t\t\t\t<h4 class=\"elementor-heading-title elementor-size-default\">Increase water recovery or increased evaporation<\/h4>\t\t\t\t<\/div>\n\t\t\t\t<\/div>\n\t\t<div class=\"elementor-element elementor-element-c08894c e-con-full e-flex e-con e-child\" data-id=\"c08894c\" data-element_type=\"container\" data-settings=\"{&quot;background_background&quot;:&quot;classic&quot;}\">\n\t\t\t\t<div class=\"elementor-element elementor-element-c0b0c0c elementor-widget elementor-widget-image\" data-id=\"c0b0c0c\" data-element_type=\"widget\" data-widget_type=\"image.default\">\n\t\t\t\t\t\t\t\t\t\t\t\t\t\t\t<img loading=\"lazy\" decoding=\"async\" width=\"565\" height=\"471\" src=\"https:\/\/alaya.cl\/wp-content\/uploads\/2025\/09\/Pasted-Graphic-7.png\" class=\"attachment-large size-large wp-image-2031\" alt=\"\" srcset=\"https:\/\/alaya.cl\/wp-content\/uploads\/2025\/09\/Pasted-Graphic-7.png 565w, https:\/\/alaya.cl\/wp-content\/uploads\/2025\/09\/Pasted-Graphic-7-300x250.png 300w\" sizes=\"(max-width: 565px) 100vw, 565px\" \/>\t\t\t\t\t\t\t\t\t\t\t\t\t\t\t<\/div>\n\t\t\t\t<div class=\"elementor-element elementor-element-85dfa50 elementor-widget elementor-widget-heading\" data-id=\"85dfa50\" data-element_type=\"widget\" data-widget_type=\"heading.default\">\n\t\t\t\t\t<h3 class=\"elementor-heading-title elementor-size-default\">NORMATIVE STANDARD<\/h3>\t\t\t\t<\/div>\n\t\t\t\t<div class=\"elementor-element elementor-element-4e21b81 elementor-widget elementor-widget-text-editor\" data-id=\"4e21b81\" data-element_type=\"widget\" data-widget_type=\"text-editor.default\">\n\t\t\t\t\t\t\t\t\t<p>The model complies with regulatory standards Sernageomin\/GISTM for impoundments, issuing alerts according to the current regulations.<\/p>\t\t\t\t\t\t\t\t<\/div>\n\t\t\t\t<div class=\"elementor-element elementor-element-3e9ebde elementor-widget-divider--view-line elementor-widget elementor-widget-divider\" data-id=\"3e9ebde\" data-element_type=\"widget\" data-widget_type=\"divider.default\">\n\t\t\t\t\t\t\t<div class=\"elementor-divider\">\n\t\t\t<span class=\"elementor-divider-separator\">\n\t\t\t\t\t\t<\/span>\n\t\t<\/div>\n\t\t\t\t\t\t<\/div>\n\t\t\t\t<div class=\"elementor-element elementor-element-d9b43b5 elementor-widget elementor-widget-heading\" data-id=\"d9b43b5\" data-element_type=\"widget\" data-widget_type=\"heading.default\">\n\t\t\t\t\t<h4 class=\"elementor-heading-title elementor-size-default\">Early alerts to Stakeholders and communities<\/h4>\t\t\t\t<\/div>\n\t\t\t\t<\/div>\n\t\t\t\t\t<\/div>\n\t\t\t\t<\/div>\n\t\t<div class=\"elementor-element elementor-element-ab4d000 e-flex e-con-boxed e-con e-parent\" data-id=\"ab4d000\" data-element_type=\"container\">\n\t\t\t\t\t<div class=\"e-con-inner\">\n\t\t\t\t<div class=\"elementor-element elementor-element-42e70de elementor-widget elementor-widget-heading\" data-id=\"42e70de\" data-element_type=\"widget\" data-widget_type=\"heading.default\">\n\t\t\t\t\t<h2 class=\"elementor-heading-title elementor-size-default\">FEATURES OF THE SOLUTION<\/h2>\t\t\t\t<\/div>\n\t\t\t\t<div class=\"elementor-element elementor-element-f09f243 elementor-widget__width-initial elementor-widget elementor-widget-text-editor\" data-id=\"f09f243\" data-element_type=\"widget\" data-widget_type=\"text-editor.default\">\n\t\t\t\t\t\t\t\t\t<p>Allows you to retrieve more water (avoiding gaps parasitic), planning in a better way the needs of material for the walls, reduce operational costs, reduce socio-environmental risks, increase the useful life of the dam, real-time monitoring of the topographical conditions of the dam and prevents shifting of the lagoon.<\/p>\t\t\t\t\t\t\t\t<\/div>\n\t\t\t\t\t<\/div>\n\t\t\t\t<\/div>\n\t\t<div class=\"elementor-element elementor-element-decec2d e-flex e-con-boxed e-con e-parent\" data-id=\"decec2d\" data-element_type=\"container\" data-settings=\"{&quot;background_background&quot;:&quot;classic&quot;}\">\n\t\t\t\t\t<div class=\"e-con-inner\">\n\t\t<div class=\"elementor-element elementor-element-5a42e7b e-con-full e-flex e-con e-child\" data-id=\"5a42e7b\" data-element_type=\"container\" data-settings=\"{&quot;background_background&quot;:&quot;classic&quot;}\">\n\t\t<div class=\"elementor-element elementor-element-74cb15e e-con-full e-flex e-con e-child\" data-id=\"74cb15e\" data-element_type=\"container\">\n\t\t\t\t<div class=\"elementor-element elementor-element-5d3350e elementor-widget__width-initial elementor-widget elementor-widget-heading\" data-id=\"5d3350e\" data-element_type=\"widget\" data-widget_type=\"heading.default\">\n\t\t\t\t\t<h1 class=\"elementor-heading-title elementor-size-default\">Schedule a meeting<\/h1>\t\t\t\t<\/div>\n\t\t\t\t<div class=\"elementor-element elementor-element-d95847e elementor-widget-divider--view-line elementor-widget elementor-widget-divider\" data-id=\"d95847e\" data-element_type=\"widget\" data-widget_type=\"divider.default\">\n\t\t\t\t\t\t\t<div class=\"elementor-divider\">\n\t\t\t<span class=\"elementor-divider-separator\">\n\t\t\t\t\t\t<\/span>\n\t\t<\/div>\n\t\t\t\t\t\t<\/div>\n\t\t<div class=\"elementor-element elementor-element-33737f6 e-con-full e-flex e-con e-child\" data-id=\"33737f6\" data-element_type=\"container\">\n\t\t\t\t<div class=\"elementor-element elementor-element-1b09b43 elementor-align-left elementor-mobile-align-center elementor-widget elementor-widget-button\" data-id=\"1b09b43\" data-element_type=\"widget\" data-widget_type=\"button.default\">\n\t\t\t\t\t\t\t\t\t\t<a class=\"elementor-button elementor-button-link elementor-size-sm\" href=\"#elementor-action%3Aaction%3Dpopup%3Aopen%26settings%3DeyJpZCI6IjE3MzAiLCJ0b2dnbGUiOmZhbHNlfQ%3D%3D\" target=\"_blank\">\n\t\t\t\t\t\t<span class=\"elementor-button-content-wrapper\">\n\t\t\t\t\t\t\t\t\t<span class=\"elementor-button-text\">SCHEDULE A COUNSELING \u2192<\/span>\n\t\t\t\t\t<\/span>\n\t\t\t\t\t<\/a>\n\t\t\t\t\t\t\t\t<\/div>\n\t\t\t\t<\/div>\n\t\t\t\t<\/div>\n\t\t\t\t<\/div>\n\t\t\t\t\t<\/div>\n\t\t\t\t<\/div>\n\t\t\t\t<\/div>","protected":false},"excerpt":{"rendered":"<p>TANQUES DE RELAVES INTELIGENTES CON IA TRIIA Nuestro Gemelo Digital del Tranque de Relaves, permite optimizar el manejo de la cubeta y mejorar la toma de decisiones ante la din\u00e1mica de la operaci\u00f3n del dep\u00f3sito, la implementaci\u00f3n de proyectos de infraestructura (cambios y reubicaciones) y el manejo \u00f3ptimo de los recursos h\u00eddricos. HABLEMOS \u2192 Herramienta [&hellip;]<\/p>","protected":false},"author":1,"featured_media":0,"parent":0,"menu_order":0,"comment_status":"closed","ping_status":"closed","template":"","meta":{"footnotes":""},"class_list":["post-2062","page","type-page","status-publish","hentry"],"_links":{"self":[{"href":"https:\/\/alaya.cl\/en\/wp-json\/wp\/v2\/pages\/2062","targetHints":{"allow":["GET"]}}],"collection":[{"href":"https:\/\/alaya.cl\/en\/wp-json\/wp\/v2\/pages"}],"about":[{"href":"https:\/\/alaya.cl\/en\/wp-json\/wp\/v2\/types\/page"}],"author":[{"embeddable":true,"href":"https:\/\/alaya.cl\/en\/wp-json\/wp\/v2\/users\/1"}],"replies":[{"embeddable":true,"href":"https:\/\/alaya.cl\/en\/wp-json\/wp\/v2\/comments?post=2062"}],"version-history":[{"count":15,"href":"https:\/\/alaya.cl\/en\/wp-json\/wp\/v2\/pages\/2062\/revisions"}],"predecessor-version":[{"id":2379,"href":"https:\/\/alaya.cl\/en\/wp-json\/wp\/v2\/pages\/2062\/revisions\/2379"}],"wp:attachment":[{"href":"https:\/\/alaya.cl\/en\/wp-json\/wp\/v2\/media?parent=2062"}],"curies":[{"name":"wp","href":"https:\/\/api.w.org\/{rel}","templated":true}]}}